{"id":1231,"date":"2025-06-04T16:32:34","date_gmt":"2025-06-04T14:32:34","guid":{"rendered":"https:\/\/shop.trashfire.fr\/?post_type=product&#038;p=1231"},"modified":"2025-11-02T16:04:30","modified_gmt":"2025-11-02T15:04:30","slug":"ruined-terrain-modular-openlock-part-2","status":"publish","type":"product","link":"https:\/\/shop.trashfire.fr\/en\/produit\/ruined-terrain-modular-openlock-part-2\/","title":{"rendered":"Terrain modulaire en ruine (OpenLock) &#8211; PART 2"},"content":{"rendered":"<p>Contenu des ruines modulaires :<span data-sheets-root=\"1\"><br \/>\n\u2013 Murs (deux 2\u00d71 et deux 1\u00d71),<br \/>\n\u2013 Porte (un 2\u00d71),<br \/>\n\u2013 Colonne (deux 1\u00d71 et une d\u00e9coration florale),<br \/>\n\u2013 Tuiles ext\u00e9rieures (trois 2\u00d71 et deux 1\u00d71),<br \/>\n\u2013 Tuiles (une 2\u00d72 trou\u00e9e et une 2\u00d72 avec un grand arbre),<br \/>\n\u2013 Escalier (2\u00d73 avec une porte secr\u00eate)<br \/>\n\u2013 Clips OpenLock en PLA<\/span><\/p>\n<p>&nbsp;<\/p>\n<p>Contactez moi <a href=\"https:\/\/shop.trashfire.fr\/contact\/\">directement ici<\/a> pour un set sur-mesure de terrain.<\/p>\n<p>Echelle 28mm<\/p>\n","protected":false},"excerpt":{"rendered":"<p>Contenu des ruines modulaires : \u2013 Murs (deux 2\u00d71 et deux 1\u00d71), \u2013 Porte (un 2\u00d71), \u2013 Colonne (deux 1\u00d71 et une d\u00e9coration florale), \u2013 Tuiles ext\u00e9rieures (trois 2\u00d71 et deux 1\u00d71), \u2013 Tuiles (une 2\u00d72 trou\u00e9e et une 2\u00d72 avec un grand arbre), \u2013 Escalier (2\u00d73 avec une porte secr\u00eate) \u2013 Clips OpenLock en [&hellip;]<\/p>\n","protected":false},"featured_media":1084,"template":"","meta":{"_coblocks_attr":"","_coblocks_dimensions":"","_coblocks_responsive_height":"","_coblocks_accordion_ie_support":"","hide_page_title":""},"product_brand":[56],"product_cat":[28,46],"product_tag":[37,19,69,38],"class_list":{"0":"post-1231","1":"product","2":"type-product","3":"status-publish","4":"has-post-thumbnail","6":"product_brand-threat-factory","7":"product_cat-fantasy","8":"product_cat-threat-factory","9":"product_tag-decors","10":"product_tag-impression-3d","11":"product_tag-openlock","12":"product_tag-threat-factory","14":"first","15":"instock","16":"taxable","17":"shipping-taxable","18":"purchasable","19":"product-type-simple"},"_links":{"self":[{"href":"https:\/\/shop.trashfire.fr\/en\/wp-json\/wp\/v2\/product\/1231","targetHints":{"allow":["GET"]}}],"collection":[{"href":"https:\/\/shop.trashfire.fr\/en\/wp-json\/wp\/v2\/product"}],"about":[{"href":"https:\/\/shop.trashfire.fr\/en\/wp-json\/wp\/v2\/types\/product"}],"wp:featuredmedia":[{"embeddable":true,"href":"https:\/\/shop.trashfire.fr\/en\/wp-json\/wp\/v2\/media\/1084"}],"wp:attachment":[{"href":"https:\/\/shop.trashfire.fr\/en\/wp-json\/wp\/v2\/media?parent=1231"}],"wp:term":[{"taxonomy":"product_brand","embeddable":true,"href":"https:\/\/shop.trashfire.fr\/en\/wp-json\/wp\/v2\/product_brand?post=1231"},{"taxonomy":"product_cat","embeddable":true,"href":"https:\/\/shop.trashfire.fr\/en\/wp-json\/wp\/v2\/product_cat?post=1231"},{"taxonomy":"product_tag","embeddable":true,"href":"https:\/\/shop.trashfire.fr\/en\/wp-json\/wp\/v2\/product_tag?post=1231"}],"curies":[{"name":"wp","href":"https:\/\/api.w.org\/{rel}","templated":true}]}}