{"id":1236,"date":"2025-06-04T16:32:39","date_gmt":"2025-06-04T14:32:39","guid":{"rendered":"https:\/\/shop.trashfire.fr\/?post_type=product&#038;p=1236"},"modified":"2025-11-02T16:03:39","modified_gmt":"2025-11-02T15:03:39","slug":"modular-mine-openlock","status":"publish","type":"product","link":"https:\/\/shop.trashfire.fr\/en\/produit\/modular-mine-openlock\/","title":{"rendered":"Mine modulaire [OpenLock]"},"content":{"rendered":"<p><span data-sheets-root=\"1\">La mine modulaire open-lock contient :<br \/>\n\u2013 Murs (Un 1\u00d71, Un 2\u00d71, Un 3\u00d71)<br \/>\n\u2013 Tuiles (Quatre 1\u00d71, deux 2\u00d71, deux 2\u00d72, une 4\u00d74)<br \/>\n\u2013 Une lanterne<br \/>\n\u2013 Trois nouvelles d\u00e9corations pour les murs et colonnes<br \/>\n\u2013 Un wagon de la mine<br \/>\n\u2013 OpenLock clips<\/span><\/p>\n<p><span data-sheets-root=\"1\">Echelle 28mm<\/span><\/p>\n","protected":false},"excerpt":{"rendered":"<p>La mine modulaire open-lock contient : \u2013 Murs (Un 1\u00d71, Un 2\u00d71, Un 3\u00d71) \u2013 Tuiles (Quatre 1\u00d71, deux 2\u00d71, deux 2\u00d72, une 4\u00d74) \u2013 Une lanterne \u2013 Trois nouvelles d\u00e9corations pour les murs et colonnes \u2013 Un wagon de la mine \u2013 OpenLock clips Echelle 28mm<\/p>\n","protected":false},"featured_media":1030,"template":"","meta":{"_coblocks_attr":"","_coblocks_dimensions":"","_coblocks_responsive_height":"","_coblocks_accordion_ie_support":"","hide_page_title":""},"product_brand":[56],"product_cat":[28,46],"product_tag":[37,19,69,38],"class_list":{"0":"post-1236","1":"product","2":"type-product","3":"status-publish","4":"has-post-thumbnail","6":"product_brand-threat-factory","7":"product_cat-fantasy","8":"product_cat-threat-factory","9":"product_tag-decors","10":"product_tag-impression-3d","11":"product_tag-openlock","12":"product_tag-threat-factory","14":"first","15":"instock","16":"taxable","17":"shipping-taxable","18":"purchasable","19":"product-type-simple"},"_links":{"self":[{"href":"https:\/\/shop.trashfire.fr\/en\/wp-json\/wp\/v2\/product\/1236","targetHints":{"allow":["GET"]}}],"collection":[{"href":"https:\/\/shop.trashfire.fr\/en\/wp-json\/wp\/v2\/product"}],"about":[{"href":"https:\/\/shop.trashfire.fr\/en\/wp-json\/wp\/v2\/types\/product"}],"wp:featuredmedia":[{"embeddable":true,"href":"https:\/\/shop.trashfire.fr\/en\/wp-json\/wp\/v2\/media\/1030"}],"wp:attachment":[{"href":"https:\/\/shop.trashfire.fr\/en\/wp-json\/wp\/v2\/media?parent=1236"}],"wp:term":[{"taxonomy":"product_brand","embeddable":true,"href":"https:\/\/shop.trashfire.fr\/en\/wp-json\/wp\/v2\/product_brand?post=1236"},{"taxonomy":"product_cat","embeddable":true,"href":"https:\/\/shop.trashfire.fr\/en\/wp-json\/wp\/v2\/product_cat?post=1236"},{"taxonomy":"product_tag","embeddable":true,"href":"https:\/\/shop.trashfire.fr\/en\/wp-json\/wp\/v2\/product_tag?post=1236"}],"curies":[{"name":"wp","href":"https:\/\/api.w.org\/{rel}","templated":true}]}}