{"id":1254,"date":"2025-06-04T16:32:50","date_gmt":"2025-06-04T14:32:50","guid":{"rendered":"https:\/\/shop.trashfire.fr\/?post_type=product&#038;p=1254"},"modified":"2025-07-31T12:03:06","modified_gmt":"2025-07-31T10:03:06","slug":"four-drider-four-drow-warriors-modular","status":"publish","type":"product","link":"https:\/\/shop.trashfire.fr\/en\/produit\/four-drider-four-drow-warriors-modular\/","title":{"rendered":"4 guerriers Drider &#038; 4 guerriers Drow (Modulaire)"},"content":{"rendered":"<p>Ce lot contient :<\/p>\n<p>&#8211; 4 guerriers Drider (Modulaire : 2 corps d&#8217;araign\u00e9es, 4 hauts de corps)<br \/>\n&#8211; 4 socles ronds\u00a0 de 50mm (2 mod\u00e8les diff\u00e9rents)<\/p>\n<p>&#8211; 4 guerriers Drow (modulaire : 4 paires de jambes, 4 hauts du corps)<br \/>\n&#8211; 4 socles ronds de 25mm (3 mod\u00e8les diff\u00e9rents)<\/p>\n<p>Echelle 28mm<\/p>\n","protected":false},"excerpt":{"rendered":"<p>Ce lot contient : &#8211; 4 guerriers Drider (Modulaire : 2 corps d&#8217;araign\u00e9es, 4 hauts de corps) &#8211; 4 socles ronds\u00a0 de 50mm (2 mod\u00e8les diff\u00e9rents) &#8211; 4 guerriers Drow (modulaire : 4 paires de jambes, 4 hauts du corps) &#8211; 4 socles ronds de 25mm (3 mod\u00e8les diff\u00e9rents) Echelle 28mm<\/p>\n","protected":false},"featured_media":1478,"template":"","meta":{"_coblocks_attr":"","_coblocks_dimensions":"","_coblocks_responsive_height":"","_coblocks_accordion_ie_support":"","hide_page_title":""},"product_brand":[56],"product_cat":[28,46],"product_tag":[18,19,38],"class_list":{"0":"post-1254","1":"product","2":"type-product","3":"status-publish","4":"has-post-thumbnail","6":"product_brand-threat-factory","7":"product_cat-fantasy","8":"product_cat-threat-factory","9":"product_tag-figurines","10":"product_tag-impression-3d","11":"product_tag-threat-factory","13":"first","14":"instock","15":"taxable","16":"shipping-taxable","17":"purchasable","18":"product-type-simple"},"_links":{"self":[{"href":"https:\/\/shop.trashfire.fr\/en\/wp-json\/wp\/v2\/product\/1254","targetHints":{"allow":["GET"]}}],"collection":[{"href":"https:\/\/shop.trashfire.fr\/en\/wp-json\/wp\/v2\/product"}],"about":[{"href":"https:\/\/shop.trashfire.fr\/en\/wp-json\/wp\/v2\/types\/product"}],"wp:featuredmedia":[{"embeddable":true,"href":"https:\/\/shop.trashfire.fr\/en\/wp-json\/wp\/v2\/media\/1478"}],"wp:attachment":[{"href":"https:\/\/shop.trashfire.fr\/en\/wp-json\/wp\/v2\/media?parent=1254"}],"wp:term":[{"taxonomy":"product_brand","embeddable":true,"href":"https:\/\/shop.trashfire.fr\/en\/wp-json\/wp\/v2\/product_brand?post=1254"},{"taxonomy":"product_cat","embeddable":true,"href":"https:\/\/shop.trashfire.fr\/en\/wp-json\/wp\/v2\/product_cat?post=1254"},{"taxonomy":"product_tag","embeddable":true,"href":"https:\/\/shop.trashfire.fr\/en\/wp-json\/wp\/v2\/product_tag?post=1254"}],"curies":[{"name":"wp","href":"https:\/\/api.w.org\/{rel}","templated":true}]}}