{"id":1267,"date":"2025-06-04T16:33:01","date_gmt":"2025-06-04T14:33:01","guid":{"rendered":"https:\/\/shop.trashfire.fr\/?post_type=product&#038;p=1267"},"modified":"2025-11-02T16:02:34","modified_gmt":"2025-11-02T15:02:34","slug":"giant-four-armed-gargoyle-statue-animated","status":"publish","type":"product","link":"https:\/\/shop.trashfire.fr\/en\/produit\/giant-four-armed-gargoyle-statue-animated\/","title":{"rendered":"Gargouille g\u00e9ante (statue &#038; anim\u00e9)"},"content":{"rendered":"<p>Ce lot contient :<br \/>\n&#8211; 1 statue de gargouille \u00e0 4 bras<br \/>\n&#8211; 1 cr\u00e9ature gargouille \u00e0 4 bras<br \/>\n&#8211; 1 socle rond de 50mm<br \/>\n&#8211; 3 piliers<\/p>\n<p>&nbsp;<\/p>\n<p>Echelle 28mm<\/p>\n","protected":false},"excerpt":{"rendered":"<p>Ce lot contient : &#8211; 1 statue de gargouille \u00e0 4 bras &#8211; 1 cr\u00e9ature gargouille \u00e0 4 bras &#8211; 1 socle rond de 50mm &#8211; 3 piliers &nbsp; Echelle 28mm<\/p>\n","protected":false},"featured_media":1057,"template":"","meta":{"_coblocks_attr":"","_coblocks_dimensions":"","_coblocks_responsive_height":"","_coblocks_accordion_ie_support":"","hide_page_title":""},"product_brand":[56],"product_cat":[28,46],"product_tag":[18,19,69,38],"class_list":{"0":"post-1267","1":"product","2":"type-product","3":"status-publish","4":"has-post-thumbnail","6":"product_brand-threat-factory","7":"product_cat-fantasy","8":"product_cat-threat-factory","9":"product_tag-figurines","10":"product_tag-impression-3d","11":"product_tag-openlock","12":"product_tag-threat-factory","14":"first","15":"instock","16":"taxable","17":"shipping-taxable","18":"purchasable","19":"product-type-simple"},"_links":{"self":[{"href":"https:\/\/shop.trashfire.fr\/en\/wp-json\/wp\/v2\/product\/1267","targetHints":{"allow":["GET"]}}],"collection":[{"href":"https:\/\/shop.trashfire.fr\/en\/wp-json\/wp\/v2\/product"}],"about":[{"href":"https:\/\/shop.trashfire.fr\/en\/wp-json\/wp\/v2\/types\/product"}],"wp:featuredmedia":[{"embeddable":true,"href":"https:\/\/shop.trashfire.fr\/en\/wp-json\/wp\/v2\/media\/1057"}],"wp:attachment":[{"href":"https:\/\/shop.trashfire.fr\/en\/wp-json\/wp\/v2\/media?parent=1267"}],"wp:term":[{"taxonomy":"product_brand","embeddable":true,"href":"https:\/\/shop.trashfire.fr\/en\/wp-json\/wp\/v2\/product_brand?post=1267"},{"taxonomy":"product_cat","embeddable":true,"href":"https:\/\/shop.trashfire.fr\/en\/wp-json\/wp\/v2\/product_cat?post=1267"},{"taxonomy":"product_tag","embeddable":true,"href":"https:\/\/shop.trashfire.fr\/en\/wp-json\/wp\/v2\/product_tag?post=1267"}],"curies":[{"name":"wp","href":"https:\/\/api.w.org\/{rel}","templated":true}]}}