{"id":1268,"date":"2025-06-04T16:33:02","date_gmt":"2025-06-04T14:33:02","guid":{"rendered":"https:\/\/shop.trashfire.fr\/?post_type=product&#038;p=1268"},"modified":"2025-07-31T12:42:55","modified_gmt":"2025-07-31T10:42:55","slug":"3-giant-wolf-spiders","status":"publish","type":"product","link":"https:\/\/shop.trashfire.fr\/en\/produit\/3-giant-wolf-spiders\/","title":{"rendered":"3 araign\u00e9es loup g\u00e9antes"},"content":{"rendered":"<p>Ce lot contient :<br \/>\n&#8211; 3 araign\u00e9es loup g\u00e9antes<br \/>\n&#8211; 3 socles de 25mm diff\u00e9rents<\/p>\n<p>Echelle 28mm<\/p>\n","protected":false},"excerpt":{"rendered":"<p>Ce lot contient : &#8211; 3 araign\u00e9es loup g\u00e9antes &#8211; 3 socles de 25mm diff\u00e9rents Echelle 28mm<\/p>\n","protected":false},"featured_media":1063,"template":"","meta":{"_coblocks_attr":"","_coblocks_dimensions":"","_coblocks_responsive_height":"","_coblocks_accordion_ie_support":"","hide_page_title":""},"product_brand":[56],"product_cat":[28,46],"product_tag":[18,19,38],"class_list":{"0":"post-1268","1":"product","2":"type-product","3":"status-publish","4":"has-post-thumbnail","6":"product_brand-threat-factory","7":"product_cat-fantasy","8":"product_cat-threat-factory","9":"product_tag-figurines","10":"product_tag-impression-3d","11":"product_tag-threat-factory","13":"first","14":"instock","15":"taxable","16":"shipping-taxable","17":"purchasable","18":"product-type-simple"},"_links":{"self":[{"href":"https:\/\/shop.trashfire.fr\/en\/wp-json\/wp\/v2\/product\/1268","targetHints":{"allow":["GET"]}}],"collection":[{"href":"https:\/\/shop.trashfire.fr\/en\/wp-json\/wp\/v2\/product"}],"about":[{"href":"https:\/\/shop.trashfire.fr\/en\/wp-json\/wp\/v2\/types\/product"}],"wp:featuredmedia":[{"embeddable":true,"href":"https:\/\/shop.trashfire.fr\/en\/wp-json\/wp\/v2\/media\/1063"}],"wp:attachment":[{"href":"https:\/\/shop.trashfire.fr\/en\/wp-json\/wp\/v2\/media?parent=1268"}],"wp:term":[{"taxonomy":"product_brand","embeddable":true,"href":"https:\/\/shop.trashfire.fr\/en\/wp-json\/wp\/v2\/product_brand?post=1268"},{"taxonomy":"product_cat","embeddable":true,"href":"https:\/\/shop.trashfire.fr\/en\/wp-json\/wp\/v2\/product_cat?post=1268"},{"taxonomy":"product_tag","embeddable":true,"href":"https:\/\/shop.trashfire.fr\/en\/wp-json\/wp\/v2\/product_tag?post=1268"}],"curies":[{"name":"wp","href":"https:\/\/api.w.org\/{rel}","templated":true}]}}