{"id":1315,"date":"2025-06-04T16:33:37","date_gmt":"2025-06-04T14:33:37","guid":{"rendered":"https:\/\/shop.trashfire.fr\/?post_type=product&#038;p=1315"},"modified":"2025-11-03T21:02:21","modified_gmt":"2025-11-03T20:02:21","slug":"2-ladders","status":"publish","type":"product","link":"https:\/\/shop.trashfire.fr\/en\/produit\/2-ladders\/","title":{"rendered":"2 \u00e9chelles"},"content":{"rendered":"<p>&#8211; 1 \u00e9chelle (108 mm)<br \/>\n&#8211; 1 \u00e9chelle (59 mm)<\/p>\n<p>\u00c9chelle : 28 mm.<\/p>\n","protected":false},"excerpt":{"rendered":"<p>&#8211; 1 \u00e9chelle (108 mm) &#8211; 1 \u00e9chelle (59 mm) \u00c9chelle : 28 mm.<\/p>\n","protected":false},"featured_media":1027,"template":"","meta":{"_coblocks_attr":"","_coblocks_dimensions":"","_coblocks_responsive_height":"","_coblocks_accordion_ie_support":"","hide_page_title":""},"product_brand":[56],"product_cat":[28,46],"product_tag":[37,19,38],"class_list":{"0":"post-1315","1":"product","2":"type-product","3":"status-publish","4":"has-post-thumbnail","6":"product_brand-threat-factory","7":"product_cat-fantasy","8":"product_cat-threat-factory","9":"product_tag-decors","10":"product_tag-impression-3d","11":"product_tag-threat-factory","13":"first","14":"instock","15":"taxable","16":"shipping-taxable","17":"purchasable","18":"product-type-simple"},"_links":{"self":[{"href":"https:\/\/shop.trashfire.fr\/en\/wp-json\/wp\/v2\/product\/1315","targetHints":{"allow":["GET"]}}],"collection":[{"href":"https:\/\/shop.trashfire.fr\/en\/wp-json\/wp\/v2\/product"}],"about":[{"href":"https:\/\/shop.trashfire.fr\/en\/wp-json\/wp\/v2\/types\/product"}],"wp:featuredmedia":[{"embeddable":true,"href":"https:\/\/shop.trashfire.fr\/en\/wp-json\/wp\/v2\/media\/1027"}],"wp:attachment":[{"href":"https:\/\/shop.trashfire.fr\/en\/wp-json\/wp\/v2\/media?parent=1315"}],"wp:term":[{"taxonomy":"product_brand","embeddable":true,"href":"https:\/\/shop.trashfire.fr\/en\/wp-json\/wp\/v2\/product_brand?post=1315"},{"taxonomy":"product_cat","embeddable":true,"href":"https:\/\/shop.trashfire.fr\/en\/wp-json\/wp\/v2\/product_cat?post=1315"},{"taxonomy":"product_tag","embeddable":true,"href":"https:\/\/shop.trashfire.fr\/en\/wp-json\/wp\/v2\/product_tag?post=1315"}],"curies":[{"name":"wp","href":"https:\/\/api.w.org\/{rel}","templated":true}]}}