{"id":1318,"date":"2025-06-04T16:33:40","date_gmt":"2025-06-04T14:33:40","guid":{"rendered":"https:\/\/shop.trashfire.fr\/?post_type=product&#038;p=1318"},"modified":"2025-11-03T20:56:42","modified_gmt":"2025-11-03T19:56:42","slug":"trap-rolling-sphere","status":"publish","type":"product","link":"https:\/\/shop.trashfire.fr\/en\/produit\/trap-rolling-sphere\/","title":{"rendered":"PIEGE &#8211; sph\u00e8re roulante"},"content":{"rendered":"<p>&#8211; Un PI\u00c8GE &#8211; la sph\u00e8re roulante<\/p>\n<p>\u00c9chelle : 28 mm.<\/p>\n","protected":false},"excerpt":{"rendered":"<p>&#8211; Un PI\u00c8GE &#8211; la sph\u00e8re roulante \u00c9chelle : 28 mm.<\/p>\n","protected":false},"featured_media":1074,"template":"","meta":{"_coblocks_attr":"","_coblocks_dimensions":"","_coblocks_responsive_height":"","_coblocks_accordion_ie_support":"","hide_page_title":""},"product_brand":[56],"product_cat":[28,46],"product_tag":[18,19,38],"class_list":{"0":"post-1318","1":"product","2":"type-product","3":"status-publish","4":"has-post-thumbnail","6":"product_brand-threat-factory","7":"product_cat-fantasy","8":"product_cat-threat-factory","9":"product_tag-figurines","10":"product_tag-impression-3d","11":"product_tag-threat-factory","13":"first","14":"instock","15":"taxable","16":"shipping-taxable","17":"purchasable","18":"product-type-simple"},"_links":{"self":[{"href":"https:\/\/shop.trashfire.fr\/en\/wp-json\/wp\/v2\/product\/1318","targetHints":{"allow":["GET"]}}],"collection":[{"href":"https:\/\/shop.trashfire.fr\/en\/wp-json\/wp\/v2\/product"}],"about":[{"href":"https:\/\/shop.trashfire.fr\/en\/wp-json\/wp\/v2\/types\/product"}],"wp:featuredmedia":[{"embeddable":true,"href":"https:\/\/shop.trashfire.fr\/en\/wp-json\/wp\/v2\/media\/1074"}],"wp:attachment":[{"href":"https:\/\/shop.trashfire.fr\/en\/wp-json\/wp\/v2\/media?parent=1318"}],"wp:term":[{"taxonomy":"product_brand","embeddable":true,"href":"https:\/\/shop.trashfire.fr\/en\/wp-json\/wp\/v2\/product_brand?post=1318"},{"taxonomy":"product_cat","embeddable":true,"href":"https:\/\/shop.trashfire.fr\/en\/wp-json\/wp\/v2\/product_cat?post=1318"},{"taxonomy":"product_tag","embeddable":true,"href":"https:\/\/shop.trashfire.fr\/en\/wp-json\/wp\/v2\/product_tag?post=1318"}],"curies":[{"name":"wp","href":"https:\/\/api.w.org\/{rel}","templated":true}]}}