{"id":1320,"date":"2025-06-04T16:33:42","date_gmt":"2025-06-04T14:33:42","guid":{"rendered":"https:\/\/shop.trashfire.fr\/?post_type=product&#038;p=1320"},"modified":"2025-11-14T15:07:21","modified_gmt":"2025-11-14T14:07:21","slug":"november-2024-release-graveyard-nightmares","status":"publish","type":"product","link":"https:\/\/shop.trashfire.fr\/en\/produit\/november-2024-release-graveyard-nightmares\/","title":{"rendered":"[Novembre 2024] Cimeti\u00e8re et cauchemars"},"content":{"rendered":"<p>&#8211; Deux cauchemars<br \/>\n&#8211; Un fossoyeur humain (avec et sans son sac)<br \/>\n&#8211; Une barde elfe avec (et sans) son hibou<br \/>\n&#8211; Un hibou<br \/>\n&#8211; Des cl\u00f4tures de cimeti\u00e8re modulaires<br \/>\n&#8211; Des pierres tombales<br \/>\n&#8211; Des socles de cimeti\u00e8re<\/p>\n<p>\u00c9chelle : 28 mm.<\/p>\n","protected":false},"excerpt":{"rendered":"<p>&#8211; Deux cauchemars &#8211; Un fossoyeur humain (avec et sans son sac) &#8211; Une barde elfe avec (et sans) son hibou &#8211; Un hibou &#8211; Des cl\u00f4tures de cimeti\u00e8re modulaires &#8211; Des pierres tombales &#8211; Des socles de cimeti\u00e8re \u00c9chelle : 28 mm.<\/p>\n","protected":false},"featured_media":1040,"template":"","meta":{"_coblocks_attr":"","_coblocks_dimensions":"","_coblocks_responsive_height":"","_coblocks_accordion_ie_support":"","hide_page_title":""},"product_brand":[56],"product_cat":[28,46],"product_tag":[18,19,38],"class_list":{"0":"post-1320","1":"product","2":"type-product","3":"status-publish","4":"has-post-thumbnail","6":"product_brand-threat-factory","7":"product_cat-fantasy","8":"product_cat-threat-factory","9":"product_tag-figurines","10":"product_tag-impression-3d","11":"product_tag-threat-factory","13":"first","14":"instock","15":"taxable","16":"shipping-taxable","17":"purchasable","18":"product-type-simple"},"_links":{"self":[{"href":"https:\/\/shop.trashfire.fr\/en\/wp-json\/wp\/v2\/product\/1320","targetHints":{"allow":["GET"]}}],"collection":[{"href":"https:\/\/shop.trashfire.fr\/en\/wp-json\/wp\/v2\/product"}],"about":[{"href":"https:\/\/shop.trashfire.fr\/en\/wp-json\/wp\/v2\/types\/product"}],"wp:featuredmedia":[{"embeddable":true,"href":"https:\/\/shop.trashfire.fr\/en\/wp-json\/wp\/v2\/media\/1040"}],"wp:attachment":[{"href":"https:\/\/shop.trashfire.fr\/en\/wp-json\/wp\/v2\/media?parent=1320"}],"wp:term":[{"taxonomy":"product_brand","embeddable":true,"href":"https:\/\/shop.trashfire.fr\/en\/wp-json\/wp\/v2\/product_brand?post=1320"},{"taxonomy":"product_cat","embeddable":true,"href":"https:\/\/shop.trashfire.fr\/en\/wp-json\/wp\/v2\/product_cat?post=1320"},{"taxonomy":"product_tag","embeddable":true,"href":"https:\/\/shop.trashfire.fr\/en\/wp-json\/wp\/v2\/product_tag?post=1320"}],"curies":[{"name":"wp","href":"https:\/\/api.w.org\/{rel}","templated":true}]}}