{"id":1330,"date":"2025-06-04T16:33:52","date_gmt":"2025-06-04T14:33:52","guid":{"rendered":"https:\/\/shop.trashfire.fr\/?post_type=product&#038;p=1330"},"modified":"2025-11-14T14:49:08","modified_gmt":"2025-11-14T13:49:08","slug":"gothic-carriage","status":"publish","type":"product","link":"https:\/\/shop.trashfire.fr\/en\/produit\/gothic-carriage\/","title":{"rendered":"Carrosse de vampire"},"content":{"rendered":"<p>&#8211; Une grande cal\u00e8che (ouvrable, pouvant accueillir 4 cr\u00e9atures de taille M)<br \/>\n&#8211; Trois valises (deux de taille M et une plus petite)<br \/>\n&#8211; Deux chevaux avec leurs harnais (taille L)<br \/>\n&#8211; 2 socles de route boueuse pour les chevaux (un de 25\u00a0x\u00a050\u00a0mm et un de 60\u00a0x\u00a035\u00a0mm) (les deux peuvent \u00eatre utilis\u00e9s avec la cal\u00e8che)<\/p>\n<p>\u00c9chelle\u00a0: 28\u00a0mm.<\/p>\n","protected":false},"excerpt":{"rendered":"<p>&#8211; Une grande cal\u00e8che (ouvrable, pouvant accueillir 4 cr\u00e9atures de taille M) &#8211; Trois valises (deux de taille M et une plus petite) &#8211; Deux chevaux avec leurs harnais (taille L) &#8211; 2 socles de route boueuse pour les chevaux (un de 25\u00a0x\u00a050\u00a0mm et un de 60\u00a0x\u00a035\u00a0mm) (les deux peuvent \u00eatre utilis\u00e9s avec la cal\u00e8che) [&hellip;]<\/p>\n","protected":false},"featured_media":1207,"template":"","meta":{"_coblocks_attr":"","_coblocks_dimensions":"","_coblocks_responsive_height":"","_coblocks_accordion_ie_support":"","hide_page_title":""},"product_brand":[56],"product_cat":[28,46],"product_tag":[18,19,38],"class_list":{"0":"post-1330","1":"product","2":"type-product","3":"status-publish","4":"has-post-thumbnail","6":"product_brand-threat-factory","7":"product_cat-fantasy","8":"product_cat-threat-factory","9":"product_tag-figurines","10":"product_tag-impression-3d","11":"product_tag-threat-factory","13":"first","14":"instock","15":"taxable","16":"shipping-taxable","17":"purchasable","18":"product-type-simple"},"_links":{"self":[{"href":"https:\/\/shop.trashfire.fr\/en\/wp-json\/wp\/v2\/product\/1330","targetHints":{"allow":["GET"]}}],"collection":[{"href":"https:\/\/shop.trashfire.fr\/en\/wp-json\/wp\/v2\/product"}],"about":[{"href":"https:\/\/shop.trashfire.fr\/en\/wp-json\/wp\/v2\/types\/product"}],"wp:featuredmedia":[{"embeddable":true,"href":"https:\/\/shop.trashfire.fr\/en\/wp-json\/wp\/v2\/media\/1207"}],"wp:attachment":[{"href":"https:\/\/shop.trashfire.fr\/en\/wp-json\/wp\/v2\/media?parent=1330"}],"wp:term":[{"taxonomy":"product_brand","embeddable":true,"href":"https:\/\/shop.trashfire.fr\/en\/wp-json\/wp\/v2\/product_brand?post=1330"},{"taxonomy":"product_cat","embeddable":true,"href":"https:\/\/shop.trashfire.fr\/en\/wp-json\/wp\/v2\/product_cat?post=1330"},{"taxonomy":"product_tag","embeddable":true,"href":"https:\/\/shop.trashfire.fr\/en\/wp-json\/wp\/v2\/product_tag?post=1330"}],"curies":[{"name":"wp","href":"https:\/\/api.w.org\/{rel}","templated":true}]}}