{"id":1336,"date":"2025-06-04T16:33:56","date_gmt":"2025-06-04T14:33:56","guid":{"rendered":"https:\/\/shop.trashfire.fr\/?post_type=product&#038;p=1336"},"modified":"2025-11-14T14:49:11","modified_gmt":"2025-11-14T13:49:11","slug":"september-2024-release-harpy-nest","status":"publish","type":"product","link":"https:\/\/shop.trashfire.fr\/en\/produit\/september-2024-release-harpy-nest\/","title":{"rendered":"[Septembre 2024] Harpies et Nid"},"content":{"rendered":"<p>&#8211; Quatre harpies (M) (avec cartes de jeu de r\u00f4le illustr\u00e9es)<br \/>\n&#8211; Un serpent constricteur (L)<br \/>\n&#8211; Un grand nid et un arbre (modulaire)<br \/>\n&#8211; Un sort de mur d&#8217;\u00e9pines<br \/>\n&#8211; Un nid avec les \u0153ufs (jeton et terrain)<\/p>\n<p>\u00c9chelle\u00a0: 28\u00a0mm<\/p>\n","protected":false},"excerpt":{"rendered":"<p>&#8211; Quatre harpies (M) (avec cartes de jeu de r\u00f4le illustr\u00e9es) &#8211; Un serpent constricteur (L) &#8211; Un grand nid et un arbre (modulaire) &#8211; Un sort de mur d&#8217;\u00e9pines &#8211; Un nid avec les \u0153ufs (jeton et terrain) \u00c9chelle\u00a0: 28\u00a0mm<\/p>\n","protected":false},"featured_media":1043,"template":"","meta":{"_coblocks_attr":"","_coblocks_dimensions":"","_coblocks_responsive_height":"","_coblocks_accordion_ie_support":"","hide_page_title":""},"product_brand":[56],"product_cat":[28,46],"product_tag":[18,19,38],"class_list":{"0":"post-1336","1":"product","2":"type-product","3":"status-publish","4":"has-post-thumbnail","6":"product_brand-threat-factory","7":"product_cat-fantasy","8":"product_cat-threat-factory","9":"product_tag-figurines","10":"product_tag-impression-3d","11":"product_tag-threat-factory","13":"first","14":"instock","15":"taxable","16":"shipping-taxable","17":"purchasable","18":"product-type-simple"},"_links":{"self":[{"href":"https:\/\/shop.trashfire.fr\/en\/wp-json\/wp\/v2\/product\/1336","targetHints":{"allow":["GET"]}}],"collection":[{"href":"https:\/\/shop.trashfire.fr\/en\/wp-json\/wp\/v2\/product"}],"about":[{"href":"https:\/\/shop.trashfire.fr\/en\/wp-json\/wp\/v2\/types\/product"}],"wp:featuredmedia":[{"embeddable":true,"href":"https:\/\/shop.trashfire.fr\/en\/wp-json\/wp\/v2\/media\/1043"}],"wp:attachment":[{"href":"https:\/\/shop.trashfire.fr\/en\/wp-json\/wp\/v2\/media?parent=1336"}],"wp:term":[{"taxonomy":"product_brand","embeddable":true,"href":"https:\/\/shop.trashfire.fr\/en\/wp-json\/wp\/v2\/product_brand?post=1336"},{"taxonomy":"product_cat","embeddable":true,"href":"https:\/\/shop.trashfire.fr\/en\/wp-json\/wp\/v2\/product_cat?post=1336"},{"taxonomy":"product_tag","embeddable":true,"href":"https:\/\/shop.trashfire.fr\/en\/wp-json\/wp\/v2\/product_tag?post=1336"}],"curies":[{"name":"wp","href":"https:\/\/api.w.org\/{rel}","templated":true}]}}