{"id":1343,"date":"2025-06-04T16:34:02","date_gmt":"2025-06-04T14:34:02","guid":{"rendered":"https:\/\/shop.trashfire.fr\/?post_type=product&#038;p=1343"},"modified":"2025-11-14T14:49:12","modified_gmt":"2025-11-14T13:49:12","slug":"big-nest-tree-modular","status":"publish","type":"product","link":"https:\/\/shop.trashfire.fr\/en\/produit\/big-nest-tree-modular\/","title":{"rendered":"Grand nid et arbre (modulaire)"},"content":{"rendered":"<p>&#8211; Un grand nid (pouvant accueillir 3 figurines moyennes)<br \/>\n&#8211; Un arbre (le grand nid peut \u00eatre plac\u00e9 au-dessus, ainsi qu&#8217;une cr\u00e9ature de taille M)<\/p>\n<p>\u00c9chelle\u00a0: 28\u00a0mm.<\/p>\n","protected":false},"excerpt":{"rendered":"<p>&#8211; Un grand nid (pouvant accueillir 3 figurines moyennes) &#8211; Un arbre (le grand nid peut \u00eatre plac\u00e9 au-dessus, ainsi qu&#8217;une cr\u00e9ature de taille M) \u00c9chelle\u00a0: 28\u00a0mm.<\/p>\n","protected":false},"featured_media":1217,"template":"","meta":{"_coblocks_attr":"","_coblocks_dimensions":"","_coblocks_responsive_height":"","_coblocks_accordion_ie_support":"","hide_page_title":""},"product_brand":[56],"product_cat":[28,46],"product_tag":[18,19,38],"class_list":{"0":"post-1343","1":"product","2":"type-product","3":"status-publish","4":"has-post-thumbnail","6":"product_brand-threat-factory","7":"product_cat-fantasy","8":"product_cat-threat-factory","9":"product_tag-figurines","10":"product_tag-impression-3d","11":"product_tag-threat-factory","13":"first","14":"instock","15":"taxable","16":"shipping-taxable","17":"purchasable","18":"product-type-simple"},"_links":{"self":[{"href":"https:\/\/shop.trashfire.fr\/en\/wp-json\/wp\/v2\/product\/1343","targetHints":{"allow":["GET"]}}],"collection":[{"href":"https:\/\/shop.trashfire.fr\/en\/wp-json\/wp\/v2\/product"}],"about":[{"href":"https:\/\/shop.trashfire.fr\/en\/wp-json\/wp\/v2\/types\/product"}],"wp:featuredmedia":[{"embeddable":true,"href":"https:\/\/shop.trashfire.fr\/en\/wp-json\/wp\/v2\/media\/1217"}],"wp:attachment":[{"href":"https:\/\/shop.trashfire.fr\/en\/wp-json\/wp\/v2\/media?parent=1343"}],"wp:term":[{"taxonomy":"product_brand","embeddable":true,"href":"https:\/\/shop.trashfire.fr\/en\/wp-json\/wp\/v2\/product_brand?post=1343"},{"taxonomy":"product_cat","embeddable":true,"href":"https:\/\/shop.trashfire.fr\/en\/wp-json\/wp\/v2\/product_cat?post=1343"},{"taxonomy":"product_tag","embeddable":true,"href":"https:\/\/shop.trashfire.fr\/en\/wp-json\/wp\/v2\/product_tag?post=1343"}],"curies":[{"name":"wp","href":"https:\/\/api.w.org\/{rel}","templated":true}]}}