{"id":1368,"date":"2025-06-04T16:34:24","date_gmt":"2025-06-04T14:34:24","guid":{"rendered":"https:\/\/shop.trashfire.fr\/?post_type=product&#038;p=1368"},"modified":"2025-11-02T18:06:15","modified_gmt":"2025-11-02T17:06:15","slug":"yeti-tyke-b","status":"publish","type":"product","link":"https:\/\/shop.trashfire.fr\/en\/produit\/yeti-tyke-b\/","title":{"rendered":"B\u00e9b\u00e9 y\u00e9ti B"},"content":{"rendered":"<p>Un b\u00e9b\u00e9 Yeti (taille moyenne)<br \/>\nUn socle de glace (25\u00a0mm, taille moyenne)<\/p>\n<p>\u00c9chelle\u00a0: 28\u00a0mm.<\/p>\n","protected":false},"excerpt":{"rendered":"<p>Un b\u00e9b\u00e9 Yeti (taille moyenne) Un socle de glace (25\u00a0mm, taille moyenne) \u00c9chelle\u00a0: 28\u00a0mm.<\/p>\n","protected":false},"featured_media":1161,"template":"","meta":{"_coblocks_attr":"","_coblocks_dimensions":"","_coblocks_responsive_height":"","_coblocks_accordion_ie_support":"","hide_page_title":""},"product_brand":[56],"product_cat":[28,46],"product_tag":[18,19,38],"class_list":{"0":"post-1368","1":"product","2":"type-product","3":"status-publish","4":"has-post-thumbnail","6":"product_brand-threat-factory","7":"product_cat-fantasy","8":"product_cat-threat-factory","9":"product_tag-figurines","10":"product_tag-impression-3d","11":"product_tag-threat-factory","13":"first","14":"instock","15":"taxable","16":"shipping-taxable","17":"purchasable","18":"product-type-simple"},"_links":{"self":[{"href":"https:\/\/shop.trashfire.fr\/en\/wp-json\/wp\/v2\/product\/1368","targetHints":{"allow":["GET"]}}],"collection":[{"href":"https:\/\/shop.trashfire.fr\/en\/wp-json\/wp\/v2\/product"}],"about":[{"href":"https:\/\/shop.trashfire.fr\/en\/wp-json\/wp\/v2\/types\/product"}],"wp:featuredmedia":[{"embeddable":true,"href":"https:\/\/shop.trashfire.fr\/en\/wp-json\/wp\/v2\/media\/1161"}],"wp:attachment":[{"href":"https:\/\/shop.trashfire.fr\/en\/wp-json\/wp\/v2\/media?parent=1368"}],"wp:term":[{"taxonomy":"product_brand","embeddable":true,"href":"https:\/\/shop.trashfire.fr\/en\/wp-json\/wp\/v2\/product_brand?post=1368"},{"taxonomy":"product_cat","embeddable":true,"href":"https:\/\/shop.trashfire.fr\/en\/wp-json\/wp\/v2\/product_cat?post=1368"},{"taxonomy":"product_tag","embeddable":true,"href":"https:\/\/shop.trashfire.fr\/en\/wp-json\/wp\/v2\/product_tag?post=1368"}],"curies":[{"name":"wp","href":"https:\/\/api.w.org\/{rel}","templated":true}]}}