{"id":14,"date":"2025-03-05T12:24:36","date_gmt":"2025-03-05T11:24:36","guid":{"rendered":"https:\/\/shop.trashfire.fr\/?post_type=product&#038;p=14"},"modified":"2025-04-21T18:33:14","modified_gmt":"2025-04-21T16:33:14","slug":"drone-camera","status":"publish","type":"product","link":"https:\/\/shop.trashfire.fr\/en\/produit\/drone-camera\/","title":{"rendered":"Drone camera"},"content":{"rendered":"<p>Lors d\u2019une partie de Mars : Code Aurora, chaque joueur place 1 drone sur la table. Ceux-ci sont attir\u00e9s par les d\u00e9charges des armes \u00e0 feu, et leur r\u00e8gle de pacification interdit aux guerriers \u00e0 proximit\u00e9 de tirer.<\/p>\n<p>Nous proposons plusieurs mod\u00e8les de drones, ceux-ci suivent tous les m\u00eames r\u00e8gles. Vous pouvez simplement choisir ceux que vous pr\u00e9f\u00e9rez ou qui collent le plus \u00e0 votre table de jeu.<\/p>\n","protected":false},"excerpt":{"rendered":"<p>Lors d\u2019une partie de Mars : Code Aurora, chaque joueur place 1 drone sur la table. Ceux-ci sont attir\u00e9s par les d\u00e9charges des armes \u00e0 feu, et leur r\u00e8gle de pacification interdit aux guerriers \u00e0 proximit\u00e9 de tirer. Nous proposons plusieurs mod\u00e8les de drones, ceux-ci suivent tous les m\u00eames r\u00e8gles. Vous pouvez simplement choisir ceux [&hellip;]<\/p>\n","protected":false},"featured_media":686,"template":"","meta":{"_coblocks_attr":"","_coblocks_dimensions":"","_coblocks_responsive_height":"","_coblocks_accordion_ie_support":"","hide_page_title":""},"product_brand":[54],"product_cat":[17,16,51],"product_tag":[18,19],"class_list":{"0":"post-14","1":"product","2":"type-product","3":"status-publish","4":"has-post-thumbnail","6":"product_brand-trashfire","7":"product_cat-mars-code-aurora","8":"product_cat-science-fiction","9":"product_cat-trashfire","10":"product_tag-figurines","11":"product_tag-impression-3d","13":"first","14":"instock","15":"taxable","16":"shipping-taxable","17":"purchasable","18":"product-type-simple"},"_links":{"self":[{"href":"https:\/\/shop.trashfire.fr\/en\/wp-json\/wp\/v2\/product\/14","targetHints":{"allow":["GET"]}}],"collection":[{"href":"https:\/\/shop.trashfire.fr\/en\/wp-json\/wp\/v2\/product"}],"about":[{"href":"https:\/\/shop.trashfire.fr\/en\/wp-json\/wp\/v2\/types\/product"}],"wp:featuredmedia":[{"embeddable":true,"href":"https:\/\/shop.trashfire.fr\/en\/wp-json\/wp\/v2\/media\/686"}],"wp:attachment":[{"href":"https:\/\/shop.trashfire.fr\/en\/wp-json\/wp\/v2\/media?parent=14"}],"wp:term":[{"taxonomy":"product_brand","embeddable":true,"href":"https:\/\/shop.trashfire.fr\/en\/wp-json\/wp\/v2\/product_brand?post=14"},{"taxonomy":"product_cat","embeddable":true,"href":"https:\/\/shop.trashfire.fr\/en\/wp-json\/wp\/v2\/product_cat?post=14"},{"taxonomy":"product_tag","embeddable":true,"href":"https:\/\/shop.trashfire.fr\/en\/wp-json\/wp\/v2\/product_tag?post=14"}],"curies":[{"name":"wp","href":"https:\/\/api.w.org\/{rel}","templated":true}]}}