{"id":1447,"date":"2025-06-04T16:35:23","date_gmt":"2025-06-04T14:35:23","guid":{"rendered":"https:\/\/shop.trashfire.fr\/?post_type=product&#038;p=1447"},"modified":"2025-11-02T16:07:13","modified_gmt":"2025-11-02T15:07:13","slug":"wall-of-ice","status":"publish","type":"product","link":"https:\/\/shop.trashfire.fr\/en\/produit\/wall-of-ice\/","title":{"rendered":"Murs de glace"},"content":{"rendered":"<p>De bon vieux murs de glace pour tout bon sorcier qui se respecte et qui veut \u00e9viter les dangers.<\/p>\n<p>Deux murs : 25x50mm (2&#215;1 cases)<br \/>\nUn mur : 25x25mm (1&#215;1 case)<br \/>\nUne section transversale :\u00a0 25x25mm (1&#215;1 case)<br \/>\nUn d\u00f4me de 100mmx100mm (4&#215;4 cases)<\/p>\n<p>Les \u00e9l\u00e9ments ci-dessus sont fournis avec et sans compatibilit\u00e9 au syst\u00e8me open-lock.<\/p>\n<p>Echelle 28mm<\/p>\n","protected":false},"excerpt":{"rendered":"<p>De bon vieux murs de glace pour tout bon sorcier qui se respecte et qui veut \u00e9viter les dangers. Deux murs : 25x50mm (2&#215;1 cases) Un mur : 25x25mm (1&#215;1 case) Une section transversale :\u00a0 25x25mm (1&#215;1 case) Un d\u00f4me de 100mmx100mm (4&#215;4 cases) Les \u00e9l\u00e9ments ci-dessus sont fournis avec et sans compatibilit\u00e9 au syst\u00e8me [&hellip;]<\/p>\n","protected":false},"featured_media":1025,"template":"","meta":{"_coblocks_attr":"","_coblocks_dimensions":"","_coblocks_responsive_height":"","_coblocks_accordion_ie_support":"","hide_page_title":""},"product_brand":[56],"product_cat":[28,46],"product_tag":[37,19,69,68,38],"class_list":{"0":"post-1447","1":"product","2":"type-product","3":"status-publish","4":"has-post-thumbnail","6":"product_brand-threat-factory","7":"product_cat-fantasy","8":"product_cat-threat-factory","9":"product_tag-decors","10":"product_tag-impression-3d","11":"product_tag-openlock","12":"product_tag-sorts","13":"product_tag-threat-factory","15":"first","16":"instock","17":"taxable","18":"shipping-taxable","19":"purchasable","20":"product-type-simple"},"_links":{"self":[{"href":"https:\/\/shop.trashfire.fr\/en\/wp-json\/wp\/v2\/product\/1447","targetHints":{"allow":["GET"]}}],"collection":[{"href":"https:\/\/shop.trashfire.fr\/en\/wp-json\/wp\/v2\/product"}],"about":[{"href":"https:\/\/shop.trashfire.fr\/en\/wp-json\/wp\/v2\/types\/product"}],"wp:featuredmedia":[{"embeddable":true,"href":"https:\/\/shop.trashfire.fr\/en\/wp-json\/wp\/v2\/media\/1025"}],"wp:attachment":[{"href":"https:\/\/shop.trashfire.fr\/en\/wp-json\/wp\/v2\/media?parent=1447"}],"wp:term":[{"taxonomy":"product_brand","embeddable":true,"href":"https:\/\/shop.trashfire.fr\/en\/wp-json\/wp\/v2\/product_brand?post=1447"},{"taxonomy":"product_cat","embeddable":true,"href":"https:\/\/shop.trashfire.fr\/en\/wp-json\/wp\/v2\/product_cat?post=1447"},{"taxonomy":"product_tag","embeddable":true,"href":"https:\/\/shop.trashfire.fr\/en\/wp-json\/wp\/v2\/product_tag?post=1447"}],"curies":[{"name":"wp","href":"https:\/\/api.w.org\/{rel}","templated":true}]}}