{"id":1461,"date":"2025-06-04T16:35:32","date_gmt":"2025-06-04T14:35:32","guid":{"rendered":"https:\/\/shop.trashfire.fr\/?post_type=product&#038;p=1461"},"modified":"2025-10-09T14:18:26","modified_gmt":"2025-10-09T12:18:26","slug":"dead-trees","status":"publish","type":"product","link":"https:\/\/shop.trashfire.fr\/en\/produit\/dead-trees\/","title":{"rendered":"Arbres morts"},"content":{"rendered":"<p>Arbres morts, tir\u00e9s du Kickstarter The Threat of the Swamp.<\/p>\n<p>Deux arbres imprim\u00e9es en r\u00e9sine ABS like.<br \/>\nEchelle : 28mm<\/p>\n","protected":false},"excerpt":{"rendered":"<p>Arbres morts, tir\u00e9s du Kickstarter The Threat of the Swamp. Deux arbres imprim\u00e9es en r\u00e9sine ABS like. Echelle : 28mm<\/p>\n","protected":false},"featured_media":1004,"template":"","meta":{"_coblocks_attr":"","_coblocks_dimensions":"","_coblocks_responsive_height":"","_coblocks_accordion_ie_support":"","hide_page_title":""},"product_brand":[56],"product_cat":[28,46],"product_tag":[37,19,38],"class_list":{"0":"post-1461","1":"product","2":"type-product","3":"status-publish","4":"has-post-thumbnail","6":"product_brand-threat-factory","7":"product_cat-fantasy","8":"product_cat-threat-factory","9":"product_tag-decors","10":"product_tag-impression-3d","11":"product_tag-threat-factory","13":"first","14":"instock","15":"taxable","16":"shipping-taxable","17":"purchasable","18":"product-type-simple"},"_links":{"self":[{"href":"https:\/\/shop.trashfire.fr\/en\/wp-json\/wp\/v2\/product\/1461","targetHints":{"allow":["GET"]}}],"collection":[{"href":"https:\/\/shop.trashfire.fr\/en\/wp-json\/wp\/v2\/product"}],"about":[{"href":"https:\/\/shop.trashfire.fr\/en\/wp-json\/wp\/v2\/types\/product"}],"wp:featuredmedia":[{"embeddable":true,"href":"https:\/\/shop.trashfire.fr\/en\/wp-json\/wp\/v2\/media\/1004"}],"wp:attachment":[{"href":"https:\/\/shop.trashfire.fr\/en\/wp-json\/wp\/v2\/media?parent=1461"}],"wp:term":[{"taxonomy":"product_brand","embeddable":true,"href":"https:\/\/shop.trashfire.fr\/en\/wp-json\/wp\/v2\/product_brand?post=1461"},{"taxonomy":"product_cat","embeddable":true,"href":"https:\/\/shop.trashfire.fr\/en\/wp-json\/wp\/v2\/product_cat?post=1461"},{"taxonomy":"product_tag","embeddable":true,"href":"https:\/\/shop.trashfire.fr\/en\/wp-json\/wp\/v2\/product_tag?post=1461"}],"curies":[{"name":"wp","href":"https:\/\/api.w.org\/{rel}","templated":true}]}}