{"id":2490,"date":"2025-06-04T18:40:18","date_gmt":"2025-06-04T16:40:18","guid":{"rendered":"https:\/\/shop.trashfire.fr\/?post_type=product&#038;p=2490"},"modified":"2026-04-10T15:47:08","modified_gmt":"2026-04-10T13:47:08","slug":"modular-swords-for-hire-corrupted-circus-warband","status":"publish","type":"product","link":"https:\/\/shop.trashfire.fr\/en\/produit\/modular-swords-for-hire-corrupted-circus-warband\/","title":{"rendered":"\u00c9p\u00e9es \u00e0 Louer Modulaires : Cirque Corrompu (Warband)"},"content":{"rendered":"<p>Ce produit contient 1 figurine(s) imprim\u00e9 en r\u00e9sine, la couleur peut varier.<br \/>\u00a0<\/p>\n","protected":false},"excerpt":{"rendered":"<p>Ce produit contient 1 figurine(s) imprim\u00e9 en r\u00e9sine, la couleur peut varier.\u00a0<\/p>\n","protected":false},"featured_media":2152,"template":"","meta":{"_coblocks_attr":"","_coblocks_dimensions":"","_coblocks_responsive_height":"","_coblocks_accordion_ie_support":"","hide_page_title":""},"product_brand":[],"product_cat":[28,47],"product_tag":[18,19],"class_list":{"0":"post-2490","1":"product","2":"type-product","3":"status-publish","4":"has-post-thumbnail","6":"product_cat-fantasy","7":"product_cat-vae-victis-miniatures","8":"product_tag-figurines","9":"product_tag-impression-3d","11":"first","12":"instock","13":"taxable","14":"shipping-taxable","15":"purchasable","16":"product-type-simple"},"_links":{"self":[{"href":"https:\/\/shop.trashfire.fr\/en\/wp-json\/wp\/v2\/product\/2490","targetHints":{"allow":["GET"]}}],"collection":[{"href":"https:\/\/shop.trashfire.fr\/en\/wp-json\/wp\/v2\/product"}],"about":[{"href":"https:\/\/shop.trashfire.fr\/en\/wp-json\/wp\/v2\/types\/product"}],"wp:featuredmedia":[{"embeddable":true,"href":"https:\/\/shop.trashfire.fr\/en\/wp-json\/wp\/v2\/media\/2152"}],"wp:attachment":[{"href":"https:\/\/shop.trashfire.fr\/en\/wp-json\/wp\/v2\/media?parent=2490"}],"wp:term":[{"taxonomy":"product_brand","embeddable":true,"href":"https:\/\/shop.trashfire.fr\/en\/wp-json\/wp\/v2\/product_brand?post=2490"},{"taxonomy":"product_cat","embeddable":true,"href":"https:\/\/shop.trashfire.fr\/en\/wp-json\/wp\/v2\/product_cat?post=2490"},{"taxonomy":"product_tag","embeddable":true,"href":"https:\/\/shop.trashfire.fr\/en\/wp-json\/wp\/v2\/product_tag?post=2490"}],"curies":[{"name":"wp","href":"https:\/\/api.w.org\/{rel}","templated":true}]}}