{"id":2498,"date":"2025-06-04T18:40:22","date_gmt":"2025-06-04T16:40:22","guid":{"rendered":"https:\/\/shop.trashfire.fr\/?post_type=product&#038;p=2498"},"modified":"2026-04-10T15:47:14","modified_gmt":"2026-04-10T13:47:14","slug":"corrupted-circus-master","status":"publish","type":"product","link":"https:\/\/shop.trashfire.fr\/en\/produit\/corrupted-circus-master\/","title":{"rendered":"Ma\u00eetre du Cirque Corrompu"},"content":{"rendered":"<p>Ce produit contient 1 figurine(s) imprim\u00e9 en r\u00e9sine, la couleur peut varier.<br \/>\u00a0<\/p>\n","protected":false},"excerpt":{"rendered":"<p>Ce produit contient 1 figurine(s) imprim\u00e9 en r\u00e9sine, la couleur peut varier.\u00a0<\/p>\n","protected":false},"featured_media":2054,"template":"","meta":{"_coblocks_attr":"","_coblocks_dimensions":"","_coblocks_responsive_height":"","_coblocks_accordion_ie_support":"","hide_page_title":""},"product_brand":[],"product_cat":[28,47],"product_tag":[90,18,19],"class_list":{"0":"post-2498","1":"product","2":"type-product","3":"status-publish","4":"has-post-thumbnail","6":"product_cat-fantasy","7":"product_cat-vae-victis-miniatures","8":"product_tag-carneval","9":"product_tag-figurines","10":"product_tag-impression-3d","12":"first","13":"instock","14":"taxable","15":"shipping-taxable","16":"purchasable","17":"product-type-simple"},"_links":{"self":[{"href":"https:\/\/shop.trashfire.fr\/en\/wp-json\/wp\/v2\/product\/2498","targetHints":{"allow":["GET"]}}],"collection":[{"href":"https:\/\/shop.trashfire.fr\/en\/wp-json\/wp\/v2\/product"}],"about":[{"href":"https:\/\/shop.trashfire.fr\/en\/wp-json\/wp\/v2\/types\/product"}],"wp:featuredmedia":[{"embeddable":true,"href":"https:\/\/shop.trashfire.fr\/en\/wp-json\/wp\/v2\/media\/2054"}],"wp:attachment":[{"href":"https:\/\/shop.trashfire.fr\/en\/wp-json\/wp\/v2\/media?parent=2498"}],"wp:term":[{"taxonomy":"product_brand","embeddable":true,"href":"https:\/\/shop.trashfire.fr\/en\/wp-json\/wp\/v2\/product_brand?post=2498"},{"taxonomy":"product_cat","embeddable":true,"href":"https:\/\/shop.trashfire.fr\/en\/wp-json\/wp\/v2\/product_cat?post=2498"},{"taxonomy":"product_tag","embeddable":true,"href":"https:\/\/shop.trashfire.fr\/en\/wp-json\/wp\/v2\/product_tag?post=2498"}],"curies":[{"name":"wp","href":"https:\/\/api.w.org\/{rel}","templated":true}]}}