{"id":26,"date":"2025-03-05T10:43:14","date_gmt":"2025-03-05T09:43:14","guid":{"rendered":"https:\/\/shop.trashfire.fr\/?post_type=product&#038;p=26"},"modified":"2025-04-21T18:34:31","modified_gmt":"2025-04-21T16:34:31","slug":"vittoria","status":"publish","type":"product","link":"https:\/\/shop.trashfire.fr\/en\/produit\/vittoria\/","title":{"rendered":"Vittoria"},"content":{"rendered":"<h4>Vittoria D\u2019Angeli (Athena) \u2013 32 ans, am\u00e9ricaine \u2013 US Marine Corps (Sergeant Major)<\/h4>\n<p>Sp\u00e9cialiste en armes nouvelles et exp\u00e9rimentales, elle est aussi, de par son grade, le second officier en charge. Son temp\u00e9rament de feu est contenu par un flegme exemplaire, issu de son entra\u00eenement chez les Marines. Vittoria est g\u00e9n\u00e9ralement en charge des sorties \u00e0 l\u2019ext\u00e9rieur du d\u00f4me. S\u2019il y a une personne sur qui compter, c\u2019est bien elle.<\/p>\n<p>&nbsp;<\/p>\n<p>Les survivants de Krysalis sont des figurines \u00e0 l&#8217;\u00e9chelle 32mm issus d&#8217;un univers post-apocalyptique. Leur design simple permet de les inclures dans des univers modernes ou l\u00e9g\u00e8rement futuriste.<\/p>\n<p>&nbsp;<\/p>\n<p>La figurine est sculpt\u00e9e \u00e0 la main puis scann\u00e9e et retouch\u00e9e par <a href=\"https:\/\/trashfire.fr\" target=\"_blank\" rel=\"noopener\">Corentin Calvez<\/a><\/p>\n","protected":false},"excerpt":{"rendered":"<p>Vittoria D\u2019Angeli (Athena) \u2013 32 ans, am\u00e9ricaine \u2013 US Marine Corps (Sergeant Major) Sp\u00e9cialiste en armes nouvelles et exp\u00e9rimentales, elle est aussi, de par son grade, le second officier en charge. Son temp\u00e9rament de feu est contenu par un flegme exemplaire, issu de son entra\u00eenement chez les Marines. Vittoria est g\u00e9n\u00e9ralement en charge des sorties [&hellip;]<\/p>\n","protected":false},"featured_media":299,"template":"","meta":{"_coblocks_attr":"","_coblocks_dimensions":"","_coblocks_responsive_height":"","_coblocks_accordion_ie_support":"","hide_page_title":""},"product_brand":[54],"product_cat":[25,24,51],"product_tag":[18,19,26],"class_list":{"0":"post-26","1":"product","2":"type-product","3":"status-publish","4":"has-post-thumbnail","6":"product_brand-trashfire","7":"product_cat-krysalis","8":"product_cat-post-apo","9":"product_cat-trashfire","10":"product_tag-figurines","11":"product_tag-impression-3d","12":"product_tag-survivant","14":"first","15":"instock","16":"taxable","17":"shipping-taxable","18":"purchasable","19":"product-type-simple"},"_links":{"self":[{"href":"https:\/\/shop.trashfire.fr\/en\/wp-json\/wp\/v2\/product\/26","targetHints":{"allow":["GET"]}}],"collection":[{"href":"https:\/\/shop.trashfire.fr\/en\/wp-json\/wp\/v2\/product"}],"about":[{"href":"https:\/\/shop.trashfire.fr\/en\/wp-json\/wp\/v2\/types\/product"}],"wp:featuredmedia":[{"embeddable":true,"href":"https:\/\/shop.trashfire.fr\/en\/wp-json\/wp\/v2\/media\/299"}],"wp:attachment":[{"href":"https:\/\/shop.trashfire.fr\/en\/wp-json\/wp\/v2\/media?parent=26"}],"wp:term":[{"taxonomy":"product_brand","embeddable":true,"href":"https:\/\/shop.trashfire.fr\/en\/wp-json\/wp\/v2\/product_brand?post=26"},{"taxonomy":"product_cat","embeddable":true,"href":"https:\/\/shop.trashfire.fr\/en\/wp-json\/wp\/v2\/product_cat?post=26"},{"taxonomy":"product_tag","embeddable":true,"href":"https:\/\/shop.trashfire.fr\/en\/wp-json\/wp\/v2\/product_tag?post=26"}],"curies":[{"name":"wp","href":"https:\/\/api.w.org\/{rel}","templated":true}]}}