{"id":27,"date":"2025-03-05T10:43:14","date_gmt":"2025-03-05T09:43:14","guid":{"rendered":"https:\/\/shop.trashfire.fr\/?post_type=product&#038;p=27"},"modified":"2025-04-21T18:34:04","modified_gmt":"2025-04-21T16:34:04","slug":"margaret","status":"publish","type":"product","link":"https:\/\/shop.trashfire.fr\/en\/produit\/margaret\/","title":{"rendered":"Margaret"},"content":{"rendered":"<h4>Margaret Brunswick (Demeter) \u2013 52 ans, irlandaise \u2013 G\u00e9ologue<\/h4>\n<p>Punk sur le retour, elle a une sacr\u00e9 descente et un bon crochet du gauche. Mais au fond, Margaret est avant tout cette irlandaise distingu\u00e9e \u00e0 la voix cass\u00e9e, au sens de l\u2019humour d\u00e9capant. Tom et elle, sans cesse en train de se tirer dans les pattes, forment le duo comique du D\u00f4me.<\/p>\n<p>&nbsp;<\/p>\n<p>Les survivants de Krysalis sont des figurines \u00e0 l&#8217;\u00e9chelle 32mm issus d&#8217;un univers post-apocalyptique. Leur design simple permet de les inclures dans des univers modernes ou l\u00e9g\u00e8rement futuriste.<\/p>\n<p>&nbsp;<\/p>\n<p>La figurine est sculpt\u00e9e \u00e0 la main puis scann\u00e9e et retouch\u00e9e par <a href=\"https:\/\/trashfire.fr\" target=\"_blank\" rel=\"noopener\">Corentin Calvez<\/a><\/p>\n","protected":false},"excerpt":{"rendered":"<p>Margaret Brunswick (Demeter) \u2013 52 ans, irlandaise \u2013 G\u00e9ologue Punk sur le retour, elle a une sacr\u00e9 descente et un bon crochet du gauche. Mais au fond, Margaret est avant tout cette irlandaise distingu\u00e9e \u00e0 la voix cass\u00e9e, au sens de l\u2019humour d\u00e9capant. Tom et elle, sans cesse en train de se tirer dans les [&hellip;]<\/p>\n","protected":false},"featured_media":295,"template":"","meta":{"_coblocks_attr":"","_coblocks_dimensions":"","_coblocks_responsive_height":"","_coblocks_accordion_ie_support":"","hide_page_title":""},"product_brand":[54],"product_cat":[25,24,51],"product_tag":[18,19,26],"class_list":{"0":"post-27","1":"product","2":"type-product","3":"status-publish","4":"has-post-thumbnail","6":"product_brand-trashfire","7":"product_cat-krysalis","8":"product_cat-post-apo","9":"product_cat-trashfire","10":"product_tag-figurines","11":"product_tag-impression-3d","12":"product_tag-survivant","14":"first","15":"instock","16":"taxable","17":"shipping-taxable","18":"purchasable","19":"product-type-simple"},"_links":{"self":[{"href":"https:\/\/shop.trashfire.fr\/en\/wp-json\/wp\/v2\/product\/27","targetHints":{"allow":["GET"]}}],"collection":[{"href":"https:\/\/shop.trashfire.fr\/en\/wp-json\/wp\/v2\/product"}],"about":[{"href":"https:\/\/shop.trashfire.fr\/en\/wp-json\/wp\/v2\/types\/product"}],"wp:featuredmedia":[{"embeddable":true,"href":"https:\/\/shop.trashfire.fr\/en\/wp-json\/wp\/v2\/media\/295"}],"wp:attachment":[{"href":"https:\/\/shop.trashfire.fr\/en\/wp-json\/wp\/v2\/media?parent=27"}],"wp:term":[{"taxonomy":"product_brand","embeddable":true,"href":"https:\/\/shop.trashfire.fr\/en\/wp-json\/wp\/v2\/product_brand?post=27"},{"taxonomy":"product_cat","embeddable":true,"href":"https:\/\/shop.trashfire.fr\/en\/wp-json\/wp\/v2\/product_cat?post=27"},{"taxonomy":"product_tag","embeddable":true,"href":"https:\/\/shop.trashfire.fr\/en\/wp-json\/wp\/v2\/product_tag?post=27"}],"curies":[{"name":"wp","href":"https:\/\/api.w.org\/{rel}","templated":true}]}}