{"id":2730,"date":"2025-06-04T18:42:45","date_gmt":"2025-06-04T16:42:45","guid":{"rendered":"https:\/\/shop.trashfire.fr\/?post_type=product&#038;p=2730"},"modified":"2026-04-10T15:49:20","modified_gmt":"2026-04-10T13:49:20","slug":"elite-mercenary-woman-02","status":"publish","type":"product","link":"https:\/\/shop.trashfire.fr\/en\/produit\/elite-mercenary-woman-02\/","title":{"rendered":"Mercenaire \u00c9lite (femme) #02"},"content":{"rendered":"<p>Ce produit contient 1 figurine(s) imprim\u00e9 en r\u00e9sine, la couleur peut varier.br>\u00a0\u00a0<\/p>\n","protected":false},"excerpt":{"rendered":"<p>Ce produit contient 1 figurine(s) imprim\u00e9 en r\u00e9sine, la couleur peut varier.br>\u00a0\u00a0<\/p>\n","protected":false},"featured_media":2293,"template":"","meta":{"_coblocks_attr":"","_coblocks_dimensions":"","_coblocks_responsive_height":"","_coblocks_accordion_ie_support":"","hide_page_title":""},"product_brand":[],"product_cat":[28,47],"product_tag":[18,19],"class_list":{"0":"post-2730","1":"product","2":"type-product","3":"status-publish","4":"has-post-thumbnail","6":"product_cat-fantasy","7":"product_cat-vae-victis-miniatures","8":"product_tag-figurines","9":"product_tag-impression-3d","11":"first","12":"instock","13":"taxable","14":"shipping-taxable","15":"purchasable","16":"product-type-simple"},"_links":{"self":[{"href":"https:\/\/shop.trashfire.fr\/en\/wp-json\/wp\/v2\/product\/2730","targetHints":{"allow":["GET"]}}],"collection":[{"href":"https:\/\/shop.trashfire.fr\/en\/wp-json\/wp\/v2\/product"}],"about":[{"href":"https:\/\/shop.trashfire.fr\/en\/wp-json\/wp\/v2\/types\/product"}],"wp:featuredmedia":[{"embeddable":true,"href":"https:\/\/shop.trashfire.fr\/en\/wp-json\/wp\/v2\/media\/2293"}],"wp:attachment":[{"href":"https:\/\/shop.trashfire.fr\/en\/wp-json\/wp\/v2\/media?parent=2730"}],"wp:term":[{"taxonomy":"product_brand","embeddable":true,"href":"https:\/\/shop.trashfire.fr\/en\/wp-json\/wp\/v2\/product_brand?post=2730"},{"taxonomy":"product_cat","embeddable":true,"href":"https:\/\/shop.trashfire.fr\/en\/wp-json\/wp\/v2\/product_cat?post=2730"},{"taxonomy":"product_tag","embeddable":true,"href":"https:\/\/shop.trashfire.fr\/en\/wp-json\/wp\/v2\/product_tag?post=2730"}],"curies":[{"name":"wp","href":"https:\/\/api.w.org\/{rel}","templated":true}]}}