{"id":2738,"date":"2025-06-04T18:42:49","date_gmt":"2025-06-04T16:42:49","guid":{"rendered":"https:\/\/shop.trashfire.fr\/?post_type=product&#038;p=2738"},"modified":"2026-04-10T15:49:24","modified_gmt":"2026-04-10T13:49:24","slug":"dark-priest","status":"publish","type":"product","link":"https:\/\/shop.trashfire.fr\/en\/produit\/dark-priest\/","title":{"rendered":"Pr\u00eatre des T\u00e9n\u00e8bres"},"content":{"rendered":"<p>Ce produit contient 1 figurine(s) imprim\u00e9 en r\u00e9sine, la couleur peut varier.<br \/>\u00a0<\/p>\n","protected":false},"excerpt":{"rendered":"<p>Ce produit contient 1 figurine(s) imprim\u00e9 en r\u00e9sine, la couleur peut varier.\u00a0<\/p>\n","protected":false},"featured_media":2065,"template":"","meta":{"_coblocks_attr":"","_coblocks_dimensions":"","_coblocks_responsive_height":"","_coblocks_accordion_ie_support":"","hide_page_title":""},"product_brand":[],"product_cat":[28,47],"product_tag":[18,19],"class_list":{"0":"post-2738","1":"product","2":"type-product","3":"status-publish","4":"has-post-thumbnail","6":"product_cat-fantasy","7":"product_cat-vae-victis-miniatures","8":"product_tag-figurines","9":"product_tag-impression-3d","11":"first","12":"instock","13":"taxable","14":"shipping-taxable","15":"purchasable","16":"product-type-simple"},"_links":{"self":[{"href":"https:\/\/shop.trashfire.fr\/en\/wp-json\/wp\/v2\/product\/2738","targetHints":{"allow":["GET"]}}],"collection":[{"href":"https:\/\/shop.trashfire.fr\/en\/wp-json\/wp\/v2\/product"}],"about":[{"href":"https:\/\/shop.trashfire.fr\/en\/wp-json\/wp\/v2\/types\/product"}],"wp:featuredmedia":[{"embeddable":true,"href":"https:\/\/shop.trashfire.fr\/en\/wp-json\/wp\/v2\/media\/2065"}],"wp:attachment":[{"href":"https:\/\/shop.trashfire.fr\/en\/wp-json\/wp\/v2\/media?parent=2738"}],"wp:term":[{"taxonomy":"product_brand","embeddable":true,"href":"https:\/\/shop.trashfire.fr\/en\/wp-json\/wp\/v2\/product_brand?post=2738"},{"taxonomy":"product_cat","embeddable":true,"href":"https:\/\/shop.trashfire.fr\/en\/wp-json\/wp\/v2\/product_cat?post=2738"},{"taxonomy":"product_tag","embeddable":true,"href":"https:\/\/shop.trashfire.fr\/en\/wp-json\/wp\/v2\/product_tag?post=2738"}],"curies":[{"name":"wp","href":"https:\/\/api.w.org\/{rel}","templated":true}]}}