{"id":28,"date":"2025-03-05T10:43:14","date_gmt":"2025-03-05T09:43:14","guid":{"rendered":"https:\/\/shop.trashfire.fr\/?post_type=product&#038;p=28"},"modified":"2025-04-21T18:34:04","modified_gmt":"2025-04-21T16:34:04","slug":"jericho","status":"publish","type":"product","link":"https:\/\/shop.trashfire.fr\/en\/produit\/jericho\/","title":{"rendered":"Jericho"},"content":{"rendered":"<h4>Thomas \u00ab Tom \u00bb Jericho (Hermes) \u2013 \u00e2ge inconnu, am\u00e9ricain \u2013 US Air Force (Captain)<\/h4>\n<p>Menteur comme un arracheur de dents, tant\u00f4t sarcastique, tant\u00f4t fuyant, Tom semble tout faire pour se faire aimer et d\u00e9tester. Il est expert dans le pilotage de n\u2019importe quel v\u00e9hicule terrestre ou a\u00e9rien, et s\u2019occupe des drones. Aucun des habitants du D\u00f4me ne sait vraiment qui se cache derri\u00e8re le personnage qu\u2019il a b\u00e2ti de toutes pi\u00e8ces, ni pourquoi il persiste \u00e0 ne pas se d\u00e9voiler \u2013 ni m\u00eame quel est son v\u00e9ritable nom de famille.<\/p>\n<p>&nbsp;<\/p>\n<p>Les survivants de Krysalis sont des figurines \u00e0 l&#8217;\u00e9chelle 32mm issus d&#8217;un univers post-apocalyptique. Leur design simple permet de les inclures dans des univers modernes ou l\u00e9g\u00e8rement futuriste.<\/p>\n<p>&nbsp;<\/p>\n<p>La figurine est sculpt\u00e9e \u00e0 la main puis scann\u00e9e et retouch\u00e9e. Un travail collaboratif de <a href=\"https:\/\/trashfire.fr\" target=\"_blank\" rel=\"noopener\">Corentin Calvez<\/a> et <a href=\"https:\/\/linktr.ee\/ThreatFactory\" target=\"_blank\" rel=\"noopener\">Matthieu Ma<\/a><\/p>\n","protected":false},"excerpt":{"rendered":"<p>Thomas \u00ab Tom \u00bb Jericho (Hermes) \u2013 \u00e2ge inconnu, am\u00e9ricain \u2013 US Air Force (Captain) Menteur comme un arracheur de dents, tant\u00f4t sarcastique, tant\u00f4t fuyant, Tom semble tout faire pour se faire aimer et d\u00e9tester. Il est expert dans le pilotage de n\u2019importe quel v\u00e9hicule terrestre ou a\u00e9rien, et s\u2019occupe des drones. Aucun des habitants [&hellip;]<\/p>\n","protected":false},"featured_media":289,"template":"","meta":{"_coblocks_attr":"","_coblocks_dimensions":"","_coblocks_responsive_height":"","_coblocks_accordion_ie_support":"","hide_page_title":""},"product_brand":[54],"product_cat":[25,24,51],"product_tag":[18,19,26],"class_list":{"0":"post-28","1":"product","2":"type-product","3":"status-publish","4":"has-post-thumbnail","6":"product_brand-trashfire","7":"product_cat-krysalis","8":"product_cat-post-apo","9":"product_cat-trashfire","10":"product_tag-figurines","11":"product_tag-impression-3d","12":"product_tag-survivant","14":"first","15":"instock","16":"taxable","17":"shipping-taxable","18":"purchasable","19":"product-type-simple"},"_links":{"self":[{"href":"https:\/\/shop.trashfire.fr\/en\/wp-json\/wp\/v2\/product\/28","targetHints":{"allow":["GET"]}}],"collection":[{"href":"https:\/\/shop.trashfire.fr\/en\/wp-json\/wp\/v2\/product"}],"about":[{"href":"https:\/\/shop.trashfire.fr\/en\/wp-json\/wp\/v2\/types\/product"}],"wp:featuredmedia":[{"embeddable":true,"href":"https:\/\/shop.trashfire.fr\/en\/wp-json\/wp\/v2\/media\/289"}],"wp:attachment":[{"href":"https:\/\/shop.trashfire.fr\/en\/wp-json\/wp\/v2\/media?parent=28"}],"wp:term":[{"taxonomy":"product_brand","embeddable":true,"href":"https:\/\/shop.trashfire.fr\/en\/wp-json\/wp\/v2\/product_brand?post=28"},{"taxonomy":"product_cat","embeddable":true,"href":"https:\/\/shop.trashfire.fr\/en\/wp-json\/wp\/v2\/product_cat?post=28"},{"taxonomy":"product_tag","embeddable":true,"href":"https:\/\/shop.trashfire.fr\/en\/wp-json\/wp\/v2\/product_tag?post=28"}],"curies":[{"name":"wp","href":"https:\/\/api.w.org\/{rel}","templated":true}]}}