{"id":29,"date":"2025-03-05T10:43:13","date_gmt":"2025-03-05T09:43:13","guid":{"rendered":"https:\/\/shop.trashfire.fr\/?post_type=product&#038;p=29"},"modified":"2025-04-21T18:34:31","modified_gmt":"2025-04-21T16:34:31","slug":"abby","status":"publish","type":"product","link":"https:\/\/shop.trashfire.fr\/en\/produit\/abby\/","title":{"rendered":"Abby"},"content":{"rendered":"<h4>Abigaelle Montgomery (Aphrodite) \u2013 29 ans, britannique \u2013 Math\u00e9maticienne<\/h4>\n<p>Experte en math\u00e9matiques et en sciences occultes, elle m\u00e9lange souvent les deux domaines. G\u00e9nie pr\u00e9coce, elle a aussi d\u00e9velopp\u00e9 un grand talent pour le dessin, et r\u00e9alise des planches anatomiques des bestioles \u00e9tudi\u00e9es par Zhiang. Sa bonne humeur communicative est le rayon de soleil du D\u00f4me.<\/p>\n<p>&nbsp;<\/p>\n<p>Les survivants de Krysalis sont des figurines \u00e0 l&#8217;\u00e9chelle 32mm issus d&#8217;un univers post-apocalyptique. Leur design simple permet de les inclures dans des univers modernes ou l\u00e9g\u00e8rement futuriste.<\/p>\n<p>&nbsp;<\/p>\n<p>La figurine est sculpt\u00e9e \u00e0 la main puis scann\u00e9e et retouch\u00e9e par <a href=\"https:\/\/trashfire.fr\" target=\"_blank\" rel=\"noopener\">Corentin Calvez<\/a><\/p>\n","protected":false},"excerpt":{"rendered":"<p>Abigaelle Montgomery (Aphrodite) \u2013 29 ans, britannique \u2013 Math\u00e9maticienne Experte en math\u00e9matiques et en sciences occultes, elle m\u00e9lange souvent les deux domaines. G\u00e9nie pr\u00e9coce, elle a aussi d\u00e9velopp\u00e9 un grand talent pour le dessin, et r\u00e9alise des planches anatomiques des bestioles \u00e9tudi\u00e9es par Zhiang. Sa bonne humeur communicative est le rayon de soleil du D\u00f4me. [&hellip;]<\/p>\n","protected":false},"featured_media":280,"template":"","meta":{"_coblocks_attr":"","_coblocks_dimensions":"","_coblocks_responsive_height":"","_coblocks_accordion_ie_support":"","hide_page_title":""},"product_brand":[54],"product_cat":[25,24,51],"product_tag":[18,19,26],"class_list":{"0":"post-29","1":"product","2":"type-product","3":"status-publish","4":"has-post-thumbnail","6":"product_brand-trashfire","7":"product_cat-krysalis","8":"product_cat-post-apo","9":"product_cat-trashfire","10":"product_tag-figurines","11":"product_tag-impression-3d","12":"product_tag-survivant","14":"first","15":"instock","16":"taxable","17":"shipping-taxable","18":"purchasable","19":"product-type-simple"},"_links":{"self":[{"href":"https:\/\/shop.trashfire.fr\/en\/wp-json\/wp\/v2\/product\/29","targetHints":{"allow":["GET"]}}],"collection":[{"href":"https:\/\/shop.trashfire.fr\/en\/wp-json\/wp\/v2\/product"}],"about":[{"href":"https:\/\/shop.trashfire.fr\/en\/wp-json\/wp\/v2\/types\/product"}],"wp:featuredmedia":[{"embeddable":true,"href":"https:\/\/shop.trashfire.fr\/en\/wp-json\/wp\/v2\/media\/280"}],"wp:attachment":[{"href":"https:\/\/shop.trashfire.fr\/en\/wp-json\/wp\/v2\/media?parent=29"}],"wp:term":[{"taxonomy":"product_brand","embeddable":true,"href":"https:\/\/shop.trashfire.fr\/en\/wp-json\/wp\/v2\/product_brand?post=29"},{"taxonomy":"product_cat","embeddable":true,"href":"https:\/\/shop.trashfire.fr\/en\/wp-json\/wp\/v2\/product_cat?post=29"},{"taxonomy":"product_tag","embeddable":true,"href":"https:\/\/shop.trashfire.fr\/en\/wp-json\/wp\/v2\/product_tag?post=29"}],"curies":[{"name":"wp","href":"https:\/\/api.w.org\/{rel}","templated":true}]}}