{"id":30,"date":"2025-03-05T10:43:13","date_gmt":"2025-03-05T09:43:13","guid":{"rendered":"https:\/\/shop.trashfire.fr\/?post_type=product&#038;p=30"},"modified":"2025-04-21T18:34:32","modified_gmt":"2025-04-21T16:34:32","slug":"seeley","status":"publish","type":"product","link":"https:\/\/shop.trashfire.fr\/en\/produit\/seeley\/","title":{"rendered":"Seeley"},"content":{"rendered":"<h4>Seeley R. Jones (Ares) \u2013 41 ans, australien \u2013 Psychologue<\/h4>\n<p>Distingu\u00e9 et pos\u00e9, Seeley est charg\u00e9 de veiller au bien-\u00eatre des habitants du D\u00f4me, et observe leur comportement comme un enfant observerait une fourmili\u00e8re. Il fait des rapports r\u00e9guliers \u00e0 Anne. Seeley Jones est un personnage ouvert, mais si ses yeux sombres et son sourire \u00e9nigmatique ne trahissent jamais ses \u00e9motions, lui lit en vous comme dans un livre ouvert.<\/p>\n<p>&nbsp;<\/p>\n<p>Les survivants de Krysalis sont des figurines \u00e0 l&#8217;\u00e9chelle 32mm issus d&#8217;un univers post-apocalyptique. Leur design simple permet de les inclures dans des univers modernes ou l\u00e9g\u00e8rement futuriste.<\/p>\n<p>&nbsp;<\/p>\n<p>La figurine est sculpt\u00e9e num\u00e9riquement par <a href=\"https:\/\/trashfire.fr\" target=\"_blank\" rel=\"noopener\">Corentin Calvez<\/a><\/p>\n","protected":false},"excerpt":{"rendered":"<p>Seeley R. Jones (Ares) \u2013 41 ans, australien \u2013 Psychologue Distingu\u00e9 et pos\u00e9, Seeley est charg\u00e9 de veiller au bien-\u00eatre des habitants du D\u00f4me, et observe leur comportement comme un enfant observerait une fourmili\u00e8re. Il fait des rapports r\u00e9guliers \u00e0 Anne. Seeley Jones est un personnage ouvert, mais si ses yeux sombres et son sourire [&hellip;]<\/p>\n","protected":false},"featured_media":322,"template":"","meta":{"_coblocks_attr":"","_coblocks_dimensions":"","_coblocks_responsive_height":"","_coblocks_accordion_ie_support":"","hide_page_title":""},"product_brand":[54],"product_cat":[25,24,51],"product_tag":[18,19,26],"class_list":{"0":"post-30","1":"product","2":"type-product","3":"status-publish","4":"has-post-thumbnail","6":"product_brand-trashfire","7":"product_cat-krysalis","8":"product_cat-post-apo","9":"product_cat-trashfire","10":"product_tag-figurines","11":"product_tag-impression-3d","12":"product_tag-survivant","14":"first","15":"instock","16":"taxable","17":"shipping-taxable","18":"purchasable","19":"product-type-simple"},"_links":{"self":[{"href":"https:\/\/shop.trashfire.fr\/en\/wp-json\/wp\/v2\/product\/30","targetHints":{"allow":["GET"]}}],"collection":[{"href":"https:\/\/shop.trashfire.fr\/en\/wp-json\/wp\/v2\/product"}],"about":[{"href":"https:\/\/shop.trashfire.fr\/en\/wp-json\/wp\/v2\/types\/product"}],"wp:featuredmedia":[{"embeddable":true,"href":"https:\/\/shop.trashfire.fr\/en\/wp-json\/wp\/v2\/media\/322"}],"wp:attachment":[{"href":"https:\/\/shop.trashfire.fr\/en\/wp-json\/wp\/v2\/media?parent=30"}],"wp:term":[{"taxonomy":"product_brand","embeddable":true,"href":"https:\/\/shop.trashfire.fr\/en\/wp-json\/wp\/v2\/product_brand?post=30"},{"taxonomy":"product_cat","embeddable":true,"href":"https:\/\/shop.trashfire.fr\/en\/wp-json\/wp\/v2\/product_cat?post=30"},{"taxonomy":"product_tag","embeddable":true,"href":"https:\/\/shop.trashfire.fr\/en\/wp-json\/wp\/v2\/product_tag?post=30"}],"curies":[{"name":"wp","href":"https:\/\/api.w.org\/{rel}","templated":true}]}}