{"id":31,"date":"2025-03-05T10:43:13","date_gmt":"2025-03-05T09:43:13","guid":{"rendered":"https:\/\/shop.trashfire.fr\/?post_type=product&#038;p=31"},"modified":"2025-04-21T18:34:32","modified_gmt":"2025-04-21T16:34:32","slug":"musashi","status":"publish","type":"product","link":"https:\/\/shop.trashfire.fr\/en\/produit\/musashi\/","title":{"rendered":"Musashi"},"content":{"rendered":"<h4>Musashi Miyamoto (Dionysos) \u2013 30 ans, japonais \u2013 Cuisinier, botaniste<\/h4>\n<p>Excentrique, r\u00eaveur et romantique dans l\u2019\u00e2me, Musashi est un chef cuisinier sp\u00e9cialiste du fooding et de la cuisine mol\u00e9culaire ; cr\u00e9atif, il cherche sans cesse l\u2019innovation. Toujours pr\u00eat \u00e0 vous raconter les exploits de son c\u00e9l\u00e8bre homonyme, le japonais est en charge de la serre : il y est aussi doux avec les plantes qu\u2019il peut \u00eatre mortel dans un duel au couteau.<\/p>\n<p>&nbsp;<\/p>\n<p>Les survivants de Krysalis sont des figurines \u00e0 l&#8217;\u00e9chelle 32mm issus d&#8217;un univers post-apocalyptique. Leur design simple permet de les inclures dans des univers modernes ou l\u00e9g\u00e8rement futuriste.<\/p>\n<p>&nbsp;<\/p>\n<p>La figurine est sculpt\u00e9e \u00e0 la main puis scann\u00e9e et retouch\u00e9e par <a href=\"https:\/\/trashfire.fr\" target=\"_blank\" rel=\"noopener\">Corentin Calvez<\/a><\/p>\n","protected":false},"excerpt":{"rendered":"<p>Musashi Miyamoto (Dionysos) \u2013 30 ans, japonais \u2013 Cuisinier, botaniste Excentrique, r\u00eaveur et romantique dans l\u2019\u00e2me, Musashi est un chef cuisinier sp\u00e9cialiste du fooding et de la cuisine mol\u00e9culaire ; cr\u00e9atif, il cherche sans cesse l\u2019innovation. Toujours pr\u00eat \u00e0 vous raconter les exploits de son c\u00e9l\u00e8bre homonyme, le japonais est en charge de la serre [&hellip;]<\/p>\n","protected":false},"featured_media":310,"template":"","meta":{"_coblocks_attr":"","_coblocks_dimensions":"","_coblocks_responsive_height":"","_coblocks_accordion_ie_support":"","hide_page_title":""},"product_brand":[54],"product_cat":[25,24,51],"product_tag":[18,19,26],"class_list":{"0":"post-31","1":"product","2":"type-product","3":"status-publish","4":"has-post-thumbnail","6":"product_brand-trashfire","7":"product_cat-krysalis","8":"product_cat-post-apo","9":"product_cat-trashfire","10":"product_tag-figurines","11":"product_tag-impression-3d","12":"product_tag-survivant","14":"first","15":"instock","16":"taxable","17":"shipping-taxable","18":"purchasable","19":"product-type-simple"},"_links":{"self":[{"href":"https:\/\/shop.trashfire.fr\/en\/wp-json\/wp\/v2\/product\/31","targetHints":{"allow":["GET"]}}],"collection":[{"href":"https:\/\/shop.trashfire.fr\/en\/wp-json\/wp\/v2\/product"}],"about":[{"href":"https:\/\/shop.trashfire.fr\/en\/wp-json\/wp\/v2\/types\/product"}],"wp:featuredmedia":[{"embeddable":true,"href":"https:\/\/shop.trashfire.fr\/en\/wp-json\/wp\/v2\/media\/310"}],"wp:attachment":[{"href":"https:\/\/shop.trashfire.fr\/en\/wp-json\/wp\/v2\/media?parent=31"}],"wp:term":[{"taxonomy":"product_brand","embeddable":true,"href":"https:\/\/shop.trashfire.fr\/en\/wp-json\/wp\/v2\/product_brand?post=31"},{"taxonomy":"product_cat","embeddable":true,"href":"https:\/\/shop.trashfire.fr\/en\/wp-json\/wp\/v2\/product_cat?post=31"},{"taxonomy":"product_tag","embeddable":true,"href":"https:\/\/shop.trashfire.fr\/en\/wp-json\/wp\/v2\/product_tag?post=31"}],"curies":[{"name":"wp","href":"https:\/\/api.w.org\/{rel}","templated":true}]}}