{"id":3198,"date":"2026-04-10T23:07:18","date_gmt":"2026-04-10T21:07:18","guid":{"rendered":"https:\/\/shop.trashfire.fr\/?post_type=product&#038;p=3198"},"modified":"2026-04-11T00:19:02","modified_gmt":"2026-04-10T22:19:02","slug":"the-gnome-healer","status":"publish","type":"product","link":"https:\/\/shop.trashfire.fr\/en\/produit\/the-gnome-healer\/","title":{"rendered":"Le gu\u00e9risseur gnome"},"content":{"rendered":"<p>\u00ab Premi\u00e8re gnome dipl\u00f4m\u00e9e de l&#8217;\u00e9cole de magie de la Lumi\u00e8re de la grande ville, elle est extr\u00eamement enthousiaste \u00e0 l&#8217;id\u00e9e de vivre sa premi\u00e8re aventure ! Malgr\u00e9 sa petite taille, elle d\u00e9borde d&#8217;\u00e9nergie et poss\u00e8de de vastes connaissances en magie de gu\u00e9rison ! Elle serait un atout pr\u00e9cieux pour n&#8217;importe quel groupe d&#8217;aventuriers ! \u00bb<\/p>\n<p>Une figurine imprim\u00e9e en r\u00e9sine ABS like, la couleur peut varier.<\/p>\n","protected":false},"excerpt":{"rendered":"<p>\u00ab Premi\u00e8re gnome dipl\u00f4m\u00e9e de l&#8217;\u00e9cole de magie de la Lumi\u00e8re de la grande ville, elle est extr\u00eamement enthousiaste \u00e0 l&#8217;id\u00e9e de vivre sa premi\u00e8re aventure ! Malgr\u00e9 sa petite taille, elle d\u00e9borde d&#8217;\u00e9nergie et poss\u00e8de de vastes connaissances en magie de gu\u00e9rison ! Elle serait un atout pr\u00e9cieux pour n&#8217;importe quel groupe d&#8217;aventuriers ! [&hellip;]<\/p>\n","protected":false},"featured_media":2120,"template":"","meta":{"_coblocks_attr":"","_coblocks_dimensions":"","_coblocks_responsive_height":"","_coblocks_accordion_ie_support":"","hide_page_title":""},"product_brand":[57],"product_cat":[28,47],"product_tag":[18,99,19],"class_list":{"0":"post-3198","1":"product","2":"type-product","3":"status-publish","4":"has-post-thumbnail","6":"product_brand-vae-victis-miniatures","7":"product_cat-fantasy","8":"product_cat-vae-victis-miniatures","9":"product_tag-figurines","10":"product_tag-gnome","11":"product_tag-impression-3d","13":"first","14":"instock","15":"taxable","16":"shipping-taxable","17":"purchasable","18":"product-type-simple"},"_links":{"self":[{"href":"https:\/\/shop.trashfire.fr\/en\/wp-json\/wp\/v2\/product\/3198","targetHints":{"allow":["GET"]}}],"collection":[{"href":"https:\/\/shop.trashfire.fr\/en\/wp-json\/wp\/v2\/product"}],"about":[{"href":"https:\/\/shop.trashfire.fr\/en\/wp-json\/wp\/v2\/types\/product"}],"wp:featuredmedia":[{"embeddable":true,"href":"https:\/\/shop.trashfire.fr\/en\/wp-json\/wp\/v2\/media\/2120"}],"wp:attachment":[{"href":"https:\/\/shop.trashfire.fr\/en\/wp-json\/wp\/v2\/media?parent=3198"}],"wp:term":[{"taxonomy":"product_brand","embeddable":true,"href":"https:\/\/shop.trashfire.fr\/en\/wp-json\/wp\/v2\/product_brand?post=3198"},{"taxonomy":"product_cat","embeddable":true,"href":"https:\/\/shop.trashfire.fr\/en\/wp-json\/wp\/v2\/product_cat?post=3198"},{"taxonomy":"product_tag","embeddable":true,"href":"https:\/\/shop.trashfire.fr\/en\/wp-json\/wp\/v2\/product_tag?post=3198"}],"curies":[{"name":"wp","href":"https:\/\/api.w.org\/{rel}","templated":true}]}}