{"id":32,"date":"2025-03-05T10:43:13","date_gmt":"2025-03-05T09:43:13","guid":{"rendered":"https:\/\/shop.trashfire.fr\/?post_type=product&#038;p=32"},"modified":"2025-04-21T18:34:32","modified_gmt":"2025-04-21T16:34:32","slug":"li","status":"publish","type":"product","link":"https:\/\/shop.trashfire.fr\/en\/produit\/li\/","title":{"rendered":"Li"},"content":{"rendered":"<h4>Zhiang Li (Artemis) \u2013 37 ans, chinoise \u2013 Exobiologiste<\/h4>\n<p>Si elle peut para\u00eetre froide au premier abord, c\u2019est d\u00fb \u00e0 son lourd pass\u00e9 : Zhiang a trahi son pays apr\u00e8s l\u2019assassinat politique de son mari, et n\u2019a pas h\u00e9sit\u00e9 \u00e0 vendre des informations capitales en \u00e9change de la protection de sa famille. Mais sa passion premi\u00e8re, les bestioles de tous poils, la m\u00e9tamorphose instantan\u00e9ment ; elle aura fort \u00e0 faire dans le monde \u00e0 jamais chang\u00e9 de Krysalis.<\/p>\n<p>&nbsp;<\/p>\n<p>Les survivants de Krysalis sont des figurines \u00e0 l&#8217;\u00e9chelle 32mm issus d&#8217;un univers post-apocalyptique. Leur design simple permet de les inclures dans des univers modernes ou l\u00e9g\u00e8rement futuriste.<\/p>\n<p>&nbsp;<\/p>\n<p>La figurine est sculpt\u00e9e num\u00e9riquement par <a href=\"https:\/\/trashfire.fr\" target=\"_blank\" rel=\"noopener\">Corentin Calvez<\/a><\/p>\n<p>&nbsp;<\/p>\n","protected":false},"excerpt":{"rendered":"<p>Zhiang Li (Artemis) \u2013 37 ans, chinoise \u2013 Exobiologiste Si elle peut para\u00eetre froide au premier abord, c\u2019est d\u00fb \u00e0 son lourd pass\u00e9 : Zhiang a trahi son pays apr\u00e8s l\u2019assassinat politique de son mari, et n\u2019a pas h\u00e9sit\u00e9 \u00e0 vendre des informations capitales en \u00e9change de la protection de sa famille. Mais sa passion [&hellip;]<\/p>\n","protected":false},"featured_media":291,"template":"","meta":{"_coblocks_attr":"","_coblocks_dimensions":"","_coblocks_responsive_height":"","_coblocks_accordion_ie_support":"","hide_page_title":""},"product_brand":[54],"product_cat":[25,24,51],"product_tag":[18,19,26],"class_list":{"0":"post-32","1":"product","2":"type-product","3":"status-publish","4":"has-post-thumbnail","6":"product_brand-trashfire","7":"product_cat-krysalis","8":"product_cat-post-apo","9":"product_cat-trashfire","10":"product_tag-figurines","11":"product_tag-impression-3d","12":"product_tag-survivant","14":"first","15":"instock","16":"taxable","17":"shipping-taxable","18":"purchasable","19":"product-type-simple"},"_links":{"self":[{"href":"https:\/\/shop.trashfire.fr\/en\/wp-json\/wp\/v2\/product\/32","targetHints":{"allow":["GET"]}}],"collection":[{"href":"https:\/\/shop.trashfire.fr\/en\/wp-json\/wp\/v2\/product"}],"about":[{"href":"https:\/\/shop.trashfire.fr\/en\/wp-json\/wp\/v2\/types\/product"}],"wp:featuredmedia":[{"embeddable":true,"href":"https:\/\/shop.trashfire.fr\/en\/wp-json\/wp\/v2\/media\/291"}],"wp:attachment":[{"href":"https:\/\/shop.trashfire.fr\/en\/wp-json\/wp\/v2\/media?parent=32"}],"wp:term":[{"taxonomy":"product_brand","embeddable":true,"href":"https:\/\/shop.trashfire.fr\/en\/wp-json\/wp\/v2\/product_brand?post=32"},{"taxonomy":"product_cat","embeddable":true,"href":"https:\/\/shop.trashfire.fr\/en\/wp-json\/wp\/v2\/product_cat?post=32"},{"taxonomy":"product_tag","embeddable":true,"href":"https:\/\/shop.trashfire.fr\/en\/wp-json\/wp\/v2\/product_tag?post=32"}],"curies":[{"name":"wp","href":"https:\/\/api.w.org\/{rel}","templated":true}]}}