{"id":3204,"date":"2026-04-10T23:07:18","date_gmt":"2026-04-10T21:07:18","guid":{"rendered":"https:\/\/shop.trashfire.fr\/?post_type=product&#038;p=3204"},"modified":"2026-04-11T00:27:11","modified_gmt":"2026-04-10T22:27:11","slug":"the-tiegfling-with-a-concertina","status":"publish","type":"product","link":"https:\/\/shop.trashfire.fr\/en\/produit\/the-tiegfling-with-a-concertina\/","title":{"rendered":"Le Tiegfling avec un accord\u00e9on"},"content":{"rendered":"<p>\u00ab Vous voulez savoir o\u00f9 ils l&#8217;ont trouv\u00e9 ? Il \u00e9tait sur une plage, abandonn\u00e9 au milieu d&#8217;\u00e9paves, jouant de l&#8217;accord\u00e9on assis sur le sable. Il venait de s&#8217;engager et n&#8217;en a plus jamais reparl\u00e9 depuis ! \u00bb<\/p>\n<p>Une figurine imprim\u00e9e en r\u00e9sine ABS like, la couleur peut varier.<\/p>\n","protected":false},"excerpt":{"rendered":"<p>\u00ab Vous voulez savoir o\u00f9 ils l&#8217;ont trouv\u00e9 ? Il \u00e9tait sur une plage, abandonn\u00e9 au milieu d&#8217;\u00e9paves, jouant de l&#8217;accord\u00e9on assis sur le sable. Il venait de s&#8217;engager et n&#8217;en a plus jamais reparl\u00e9 depuis ! \u00bb Une figurine imprim\u00e9e en r\u00e9sine ABS like, la couleur peut varier.<\/p>\n","protected":false},"featured_media":2412,"template":"","meta":{"_coblocks_attr":"","_coblocks_dimensions":"","_coblocks_responsive_height":"","_coblocks_accordion_ie_support":"","hide_page_title":""},"product_brand":[57],"product_cat":[28,47],"product_tag":[18,19,77],"class_list":{"0":"post-3204","1":"product","2":"type-product","3":"status-publish","4":"has-post-thumbnail","6":"product_brand-vae-victis-miniatures","7":"product_cat-fantasy","8":"product_cat-vae-victis-miniatures","9":"product_tag-figurines","10":"product_tag-impression-3d","11":"product_tag-tieffelin","13":"first","14":"instock","15":"taxable","16":"shipping-taxable","17":"purchasable","18":"product-type-simple"},"_links":{"self":[{"href":"https:\/\/shop.trashfire.fr\/en\/wp-json\/wp\/v2\/product\/3204","targetHints":{"allow":["GET"]}}],"collection":[{"href":"https:\/\/shop.trashfire.fr\/en\/wp-json\/wp\/v2\/product"}],"about":[{"href":"https:\/\/shop.trashfire.fr\/en\/wp-json\/wp\/v2\/types\/product"}],"wp:featuredmedia":[{"embeddable":true,"href":"https:\/\/shop.trashfire.fr\/en\/wp-json\/wp\/v2\/media\/2412"}],"wp:attachment":[{"href":"https:\/\/shop.trashfire.fr\/en\/wp-json\/wp\/v2\/media?parent=3204"}],"wp:term":[{"taxonomy":"product_brand","embeddable":true,"href":"https:\/\/shop.trashfire.fr\/en\/wp-json\/wp\/v2\/product_brand?post=3204"},{"taxonomy":"product_cat","embeddable":true,"href":"https:\/\/shop.trashfire.fr\/en\/wp-json\/wp\/v2\/product_cat?post=3204"},{"taxonomy":"product_tag","embeddable":true,"href":"https:\/\/shop.trashfire.fr\/en\/wp-json\/wp\/v2\/product_tag?post=3204"}],"curies":[{"name":"wp","href":"https:\/\/api.w.org\/{rel}","templated":true}]}}