{"id":3205,"date":"2026-04-10T23:07:17","date_gmt":"2026-04-10T21:07:17","guid":{"rendered":"https:\/\/shop.trashfire.fr\/?post_type=product&#038;p=3205"},"modified":"2026-04-10T23:59:38","modified_gmt":"2026-04-10T21:59:38","slug":"the-tabaxi-dancer","status":"publish","type":"product","link":"https:\/\/shop.trashfire.fr\/en\/produit\/the-tabaxi-dancer\/","title":{"rendered":"La danseuse Tabaxi"},"content":{"rendered":"<p>Si vous n&#8217;avez jamais vu une danseuse de tabaxi professionnelle, vous allez \u00eatre \u00e9merveill\u00e9 ! Tournoyant, sautant, bondissant d&#8217;une table \u00e0 l&#8217;autre sans que les verres ne se renversent, c&#8217;est incroyable ! Mais attention, surveillez votre ami : qu&#8217;il ne boive pas trop d&#8217;hydromel et qu&#8217;il ne se montre pas d\u00e9sagr\u00e9able avec la dame, sinon le grand ogre l\u00e0-bas s&#8217;occupera de lui.<\/p>\n<p>Une figurine imprim\u00e9e en r\u00e9sine ABS like, la couleur peut varier.<\/p>\n","protected":false},"excerpt":{"rendered":"<p>Si vous n&#8217;avez jamais vu une danseuse de tabaxi professionnelle, vous allez \u00eatre \u00e9merveill\u00e9 ! Tournoyant, sautant, bondissant d&#8217;une table \u00e0 l&#8217;autre sans que les verres ne se renversent, c&#8217;est incroyable ! Mais attention, surveillez votre ami : qu&#8217;il ne boive pas trop d&#8217;hydromel et qu&#8217;il ne se montre pas d\u00e9sagr\u00e9able avec la dame, sinon [&hellip;]<\/p>\n","protected":false},"featured_media":2407,"template":"","meta":{"_coblocks_attr":"","_coblocks_dimensions":"","_coblocks_responsive_height":"","_coblocks_accordion_ie_support":"","hide_page_title":""},"product_brand":[57],"product_cat":[28,47],"product_tag":[18,91,19],"class_list":{"0":"post-3205","1":"product","2":"type-product","3":"status-publish","4":"has-post-thumbnail","6":"product_brand-vae-victis-miniatures","7":"product_cat-fantasy","8":"product_cat-vae-victis-miniatures","9":"product_tag-figurines","10":"product_tag-furry","11":"product_tag-impression-3d","13":"first","14":"instock","15":"taxable","16":"shipping-taxable","17":"purchasable","18":"product-type-simple"},"_links":{"self":[{"href":"https:\/\/shop.trashfire.fr\/en\/wp-json\/wp\/v2\/product\/3205","targetHints":{"allow":["GET"]}}],"collection":[{"href":"https:\/\/shop.trashfire.fr\/en\/wp-json\/wp\/v2\/product"}],"about":[{"href":"https:\/\/shop.trashfire.fr\/en\/wp-json\/wp\/v2\/types\/product"}],"wp:featuredmedia":[{"embeddable":true,"href":"https:\/\/shop.trashfire.fr\/en\/wp-json\/wp\/v2\/media\/2407"}],"wp:attachment":[{"href":"https:\/\/shop.trashfire.fr\/en\/wp-json\/wp\/v2\/media?parent=3205"}],"wp:term":[{"taxonomy":"product_brand","embeddable":true,"href":"https:\/\/shop.trashfire.fr\/en\/wp-json\/wp\/v2\/product_brand?post=3205"},{"taxonomy":"product_cat","embeddable":true,"href":"https:\/\/shop.trashfire.fr\/en\/wp-json\/wp\/v2\/product_cat?post=3205"},{"taxonomy":"product_tag","embeddable":true,"href":"https:\/\/shop.trashfire.fr\/en\/wp-json\/wp\/v2\/product_tag?post=3205"}],"curies":[{"name":"wp","href":"https:\/\/api.w.org\/{rel}","templated":true}]}}