{"id":3206,"date":"2026-04-10T23:07:17","date_gmt":"2026-04-10T21:07:17","guid":{"rendered":"https:\/\/shop.trashfire.fr\/?post_type=product&#038;p=3206"},"modified":"2026-04-10T23:56:37","modified_gmt":"2026-04-10T21:56:37","slug":"the-bard-ogre","status":"publish","type":"product","link":"https:\/\/shop.trashfire.fr\/en\/produit\/the-bard-ogre\/","title":{"rendered":"L&#8217;ogre du Barde"},"content":{"rendered":"<p>\u00ab Non, non, ne t&#8217;inqui\u00e8te pas ! Il est gentil, ce grand gar\u00e7on, mais vraiment gentil ! Crois-le ou non, il joue tr\u00e8s bien de la lyre ! Je n&#8217;ai aucune id\u00e9e d&#8217;o\u00f9 ils l&#8217;ont trouv\u00e9e. Un soir, le nain est all\u00e9 boire un verre et est revenu avec l&#8217;ogre. Ils sont devenus de grands amis ! Ne sois pas m\u00e9chant avec lui, sinon tu auras affaire au nain ! \u00bb<\/p>\n<p>Une figurine imprim\u00e9e en r\u00e9sine ABS like, la couleur peut varier.<\/p>\n","protected":false},"excerpt":{"rendered":"<p>\u00ab Non, non, ne t&#8217;inqui\u00e8te pas ! Il est gentil, ce grand gar\u00e7on, mais vraiment gentil ! Crois-le ou non, il joue tr\u00e8s bien de la lyre ! Je n&#8217;ai aucune id\u00e9e d&#8217;o\u00f9 ils l&#8217;ont trouv\u00e9e. Un soir, le nain est all\u00e9 boire un verre et est revenu avec l&#8217;ogre. Ils sont devenus de grands [&hellip;]<\/p>\n","protected":false},"featured_media":2208,"template":"","meta":{"_coblocks_attr":"","_coblocks_dimensions":"","_coblocks_responsive_height":"","_coblocks_accordion_ie_support":"","hide_page_title":""},"product_brand":[57],"product_cat":[28,47],"product_tag":[18,19],"class_list":{"0":"post-3206","1":"product","2":"type-product","3":"status-publish","4":"has-post-thumbnail","6":"product_brand-vae-victis-miniatures","7":"product_cat-fantasy","8":"product_cat-vae-victis-miniatures","9":"product_tag-figurines","10":"product_tag-impression-3d","12":"first","13":"instock","14":"taxable","15":"shipping-taxable","16":"purchasable","17":"product-type-simple"},"_links":{"self":[{"href":"https:\/\/shop.trashfire.fr\/en\/wp-json\/wp\/v2\/product\/3206","targetHints":{"allow":["GET"]}}],"collection":[{"href":"https:\/\/shop.trashfire.fr\/en\/wp-json\/wp\/v2\/product"}],"about":[{"href":"https:\/\/shop.trashfire.fr\/en\/wp-json\/wp\/v2\/types\/product"}],"wp:featuredmedia":[{"embeddable":true,"href":"https:\/\/shop.trashfire.fr\/en\/wp-json\/wp\/v2\/media\/2208"}],"wp:attachment":[{"href":"https:\/\/shop.trashfire.fr\/en\/wp-json\/wp\/v2\/media?parent=3206"}],"wp:term":[{"taxonomy":"product_brand","embeddable":true,"href":"https:\/\/shop.trashfire.fr\/en\/wp-json\/wp\/v2\/product_brand?post=3206"},{"taxonomy":"product_cat","embeddable":true,"href":"https:\/\/shop.trashfire.fr\/en\/wp-json\/wp\/v2\/product_cat?post=3206"},{"taxonomy":"product_tag","embeddable":true,"href":"https:\/\/shop.trashfire.fr\/en\/wp-json\/wp\/v2\/product_tag?post=3206"}],"curies":[{"name":"wp","href":"https:\/\/api.w.org\/{rel}","templated":true}]}}