{"id":3208,"date":"2026-04-10T23:07:17","date_gmt":"2026-04-10T21:07:17","guid":{"rendered":"https:\/\/shop.trashfire.fr\/?post_type=product&#038;p=3208"},"modified":"2026-04-11T00:07:15","modified_gmt":"2026-04-10T22:07:15","slug":"the-elf-drummer","status":"publish","type":"product","link":"https:\/\/shop.trashfire.fr\/en\/produit\/the-elf-drummer\/","title":{"rendered":"Le batteur elfe"},"content":{"rendered":"<p>\u00ab Maman voulait que j&#8217;\u00e9tudie les druidesses, papa voulait que je devienne biblioth\u00e9caire ou un truc du genre, un truc intelligent, tu vois. \u00c7a a l&#8217;air ennuyeux, alors j&#8217;ai rejoint un groupe ! J&#8217;ai encore une centaine d&#8217;ann\u00e9es devant moi pour faire autre chose si j&#8217;en ai envie ! \u00bb<\/p>\n<p>Une figurine imprim\u00e9e en r\u00e9sine ABS like, la couleur peut varier.<\/p>\n","protected":false},"excerpt":{"rendered":"<p>\u00ab Maman voulait que j&#8217;\u00e9tudie les druidesses, papa voulait que je devienne biblioth\u00e9caire ou un truc du genre, un truc intelligent, tu vois. \u00c7a a l&#8217;air ennuyeux, alors j&#8217;ai rejoint un groupe ! J&#8217;ai encore une centaine d&#8217;ann\u00e9es devant moi pour faire autre chose si j&#8217;en ai envie ! \u00bb Une figurine imprim\u00e9e en r\u00e9sine [&hellip;]<\/p>\n","protected":false},"featured_media":2084,"template":"","meta":{"_coblocks_attr":"","_coblocks_dimensions":"","_coblocks_responsive_height":"","_coblocks_accordion_ie_support":"","hide_page_title":""},"product_brand":[57],"product_cat":[28,47],"product_tag":[18,19],"class_list":{"0":"post-3208","1":"product","2":"type-product","3":"status-publish","4":"has-post-thumbnail","6":"product_brand-vae-victis-miniatures","7":"product_cat-fantasy","8":"product_cat-vae-victis-miniatures","9":"product_tag-figurines","10":"product_tag-impression-3d","12":"first","13":"instock","14":"taxable","15":"shipping-taxable","16":"purchasable","17":"product-type-simple"},"_links":{"self":[{"href":"https:\/\/shop.trashfire.fr\/en\/wp-json\/wp\/v2\/product\/3208","targetHints":{"allow":["GET"]}}],"collection":[{"href":"https:\/\/shop.trashfire.fr\/en\/wp-json\/wp\/v2\/product"}],"about":[{"href":"https:\/\/shop.trashfire.fr\/en\/wp-json\/wp\/v2\/types\/product"}],"wp:featuredmedia":[{"embeddable":true,"href":"https:\/\/shop.trashfire.fr\/en\/wp-json\/wp\/v2\/media\/2084"}],"wp:attachment":[{"href":"https:\/\/shop.trashfire.fr\/en\/wp-json\/wp\/v2\/media?parent=3208"}],"wp:term":[{"taxonomy":"product_brand","embeddable":true,"href":"https:\/\/shop.trashfire.fr\/en\/wp-json\/wp\/v2\/product_brand?post=3208"},{"taxonomy":"product_cat","embeddable":true,"href":"https:\/\/shop.trashfire.fr\/en\/wp-json\/wp\/v2\/product_cat?post=3208"},{"taxonomy":"product_tag","embeddable":true,"href":"https:\/\/shop.trashfire.fr\/en\/wp-json\/wp\/v2\/product_tag?post=3208"}],"curies":[{"name":"wp","href":"https:\/\/api.w.org\/{rel}","templated":true}]}}