{"id":3261,"date":"2026-04-10T23:05:35","date_gmt":"2026-04-10T21:05:35","guid":{"rendered":"https:\/\/shop.trashfire.fr\/?post_type=product&#038;p=3261"},"modified":"2026-04-11T00:00:16","modified_gmt":"2026-04-10T22:00:16","slug":"the-orc-guard","status":"publish","type":"product","link":"https:\/\/shop.trashfire.fr\/en\/produit\/the-orc-guard\/","title":{"rendered":"La garde orque"},"content":{"rendered":"<p>Vous \u00eates l\u00e0 depuis quelques jours, et un seul garde se tient devant votre cellule. Un orc, qui s&#8217;ennuie \u00e0 mourir, peut-\u00eatre m\u00eame plus que vous. Depuis votre arriv\u00e9e, vous l&#8217;avez flatt\u00e9 en lui parlant de chez vous, de villes, de libert\u00e9\u2026 Vous avez finalement r\u00e9ussi \u00e0 le convaincre de partager une bouteille de leur alcool fort artisanal avec vous, puisque vous ne pouvez aller nulle part, et que cela ne fera de mal \u00e0 personne ! Il boit, il parle, il vous tend la bouteille, mais vous ne buvez pas, vous faites semblant, vous parlez, vous lui rendez la bouteille, et encore, et encore. Quelques heures plus tard, il ronfle bruyamment, \u00e0 moiti\u00e9 endormi contre sa lance. Vous apercevez les cl\u00e9s, \u00e0 port\u00e9e de main. C&#8217;est le moment de passer \u00e0 l&#8217;action !<\/p>\n<p>Une figurine imprim\u00e9e en r\u00e9sine ABS like, la couleur peut varier.<\/p>\n","protected":false},"excerpt":{"rendered":"<p>Vous \u00eates l\u00e0 depuis quelques jours, et un seul garde se tient devant votre cellule. Un orc, qui s&#8217;ennuie \u00e0 mourir, peut-\u00eatre m\u00eame plus que vous. Depuis votre arriv\u00e9e, vous l&#8217;avez flatt\u00e9 en lui parlant de chez vous, de villes, de libert\u00e9\u2026 Vous avez finalement r\u00e9ussi \u00e0 le convaincre de partager une bouteille de leur [&hellip;]<\/p>\n","protected":false},"featured_media":1837,"template":"","meta":{"_coblocks_attr":"","_coblocks_dimensions":"","_coblocks_responsive_height":"","_coblocks_accordion_ie_support":"","hide_page_title":""},"product_brand":[57],"product_cat":[28,47],"product_tag":[18,19],"class_list":{"0":"post-3261","1":"product","2":"type-product","3":"status-publish","4":"has-post-thumbnail","6":"product_brand-vae-victis-miniatures","7":"product_cat-fantasy","8":"product_cat-vae-victis-miniatures","9":"product_tag-figurines","10":"product_tag-impression-3d","12":"first","13":"instock","14":"taxable","15":"shipping-taxable","16":"purchasable","17":"product-type-simple"},"_links":{"self":[{"href":"https:\/\/shop.trashfire.fr\/en\/wp-json\/wp\/v2\/product\/3261","targetHints":{"allow":["GET"]}}],"collection":[{"href":"https:\/\/shop.trashfire.fr\/en\/wp-json\/wp\/v2\/product"}],"about":[{"href":"https:\/\/shop.trashfire.fr\/en\/wp-json\/wp\/v2\/types\/product"}],"wp:featuredmedia":[{"embeddable":true,"href":"https:\/\/shop.trashfire.fr\/en\/wp-json\/wp\/v2\/media\/1837"}],"wp:attachment":[{"href":"https:\/\/shop.trashfire.fr\/en\/wp-json\/wp\/v2\/media?parent=3261"}],"wp:term":[{"taxonomy":"product_brand","embeddable":true,"href":"https:\/\/shop.trashfire.fr\/en\/wp-json\/wp\/v2\/product_brand?post=3261"},{"taxonomy":"product_cat","embeddable":true,"href":"https:\/\/shop.trashfire.fr\/en\/wp-json\/wp\/v2\/product_cat?post=3261"},{"taxonomy":"product_tag","embeddable":true,"href":"https:\/\/shop.trashfire.fr\/en\/wp-json\/wp\/v2\/product_tag?post=3261"}],"curies":[{"name":"wp","href":"https:\/\/api.w.org\/{rel}","templated":true}]}}