{"id":3262,"date":"2026-04-10T22:30:20","date_gmt":"2026-04-10T20:30:20","guid":{"rendered":"https:\/\/shop.trashfire.fr\/?post_type=product&#038;p=3262"},"modified":"2026-04-11T00:13:36","modified_gmt":"2026-04-10T22:13:36","slug":"the-old-prisoner","status":"publish","type":"product","link":"https:\/\/shop.trashfire.fr\/en\/produit\/the-old-prisoner\/","title":{"rendered":"Le vieux prisonnier"},"content":{"rendered":"<p>\u00ab Personne ne se souvient pourquoi vous \u00eates ici, et vous-m\u00eame ne vous en souvenez plus. Vous \u00eates ici depuis\u2026 combien de temps, au juste ? C\u2019est devenu votre \u00ab chez-vous \u00bb, \u00e0 vous et \u00e0 votre petit rat. Mais r\u00e9cemment, un chien a commenc\u00e9 \u00e0 tra\u00eener avec les gardiens, pour se nourrir et s\u2019abriter. Peut-\u00eatre\u2026 peut-\u00eatre pourriez-vous l\u2019app\u00e2ter pour qu\u2019il vous apporte les cl\u00e9s\u2026 \u00bb<\/p>\n<p>Une figurine imprim\u00e9e en r\u00e9sine ABS like, la couleur peut varier.<\/p>\n","protected":false},"excerpt":{"rendered":"<p>\u00ab Personne ne se souvient pourquoi vous \u00eates ici, et vous-m\u00eame ne vous en souvenez plus. Vous \u00eates ici depuis\u2026 combien de temps, au juste ? C\u2019est devenu votre \u00ab chez-vous \u00bb, \u00e0 vous et \u00e0 votre petit rat. Mais r\u00e9cemment, un chien a commenc\u00e9 \u00e0 tra\u00eener avec les gardiens, pour se nourrir et s\u2019abriter. [&hellip;]<\/p>\n","protected":false},"featured_media":1717,"template":"","meta":{"_coblocks_attr":"","_coblocks_dimensions":"","_coblocks_responsive_height":"","_coblocks_accordion_ie_support":"","hide_page_title":""},"product_brand":[57],"product_cat":[28,47],"product_tag":[18,19],"class_list":{"0":"post-3262","1":"product","2":"type-product","3":"status-publish","4":"has-post-thumbnail","6":"product_brand-vae-victis-miniatures","7":"product_cat-fantasy","8":"product_cat-vae-victis-miniatures","9":"product_tag-figurines","10":"product_tag-impression-3d","12":"first","13":"instock","14":"taxable","15":"shipping-taxable","16":"purchasable","17":"product-type-simple"},"_links":{"self":[{"href":"https:\/\/shop.trashfire.fr\/en\/wp-json\/wp\/v2\/product\/3262","targetHints":{"allow":["GET"]}}],"collection":[{"href":"https:\/\/shop.trashfire.fr\/en\/wp-json\/wp\/v2\/product"}],"about":[{"href":"https:\/\/shop.trashfire.fr\/en\/wp-json\/wp\/v2\/types\/product"}],"wp:featuredmedia":[{"embeddable":true,"href":"https:\/\/shop.trashfire.fr\/en\/wp-json\/wp\/v2\/media\/1717"}],"wp:attachment":[{"href":"https:\/\/shop.trashfire.fr\/en\/wp-json\/wp\/v2\/media?parent=3262"}],"wp:term":[{"taxonomy":"product_brand","embeddable":true,"href":"https:\/\/shop.trashfire.fr\/en\/wp-json\/wp\/v2\/product_brand?post=3262"},{"taxonomy":"product_cat","embeddable":true,"href":"https:\/\/shop.trashfire.fr\/en\/wp-json\/wp\/v2\/product_cat?post=3262"},{"taxonomy":"product_tag","embeddable":true,"href":"https:\/\/shop.trashfire.fr\/en\/wp-json\/wp\/v2\/product_tag?post=3262"}],"curies":[{"name":"wp","href":"https:\/\/api.w.org\/{rel}","templated":true}]}}