{"id":3263,"date":"2026-04-10T22:30:20","date_gmt":"2026-04-10T20:30:20","guid":{"rendered":"https:\/\/shop.trashfire.fr\/?post_type=product&#038;p=3263"},"modified":"2026-04-11T00:23:13","modified_gmt":"2026-04-10T22:23:13","slug":"the-mysterious-prisoner","status":"publish","type":"product","link":"https:\/\/shop.trashfire.fr\/en\/produit\/the-mysterious-prisoner\/","title":{"rendered":"Le myst\u00e9rieux prisonnier"},"content":{"rendered":"<p>De nombreux \u00e9v\u00e9nements malheureux dans votre vie vous ont conduit \u00e0 travailler comme gardien dans cette prison sordide et cauchemardesque. Vous avez vu des dizaines et des dizaines de nouveaux prisonniers. Mais jamais un avec un visage dissimul\u00e9. Pourquoi le gardent-ils masqu\u00e9 ainsi ? Vous avez fait votre choix : ce soir, vous quittez ce \u00ab travail \u00bb et vous faites \u00e9vader ce prisonnier.<\/p>\n<p>Une figurine imprim\u00e9e en r\u00e9sine ABS like, la couleur peut varier.<\/p>\n","protected":false},"excerpt":{"rendered":"<p>De nombreux \u00e9v\u00e9nements malheureux dans votre vie vous ont conduit \u00e0 travailler comme gardien dans cette prison sordide et cauchemardesque. Vous avez vu des dizaines et des dizaines de nouveaux prisonniers. Mais jamais un avec un visage dissimul\u00e9. Pourquoi le gardent-ils masqu\u00e9 ainsi ? Vous avez fait votre choix : ce soir, vous quittez ce [&hellip;]<\/p>\n","protected":false},"featured_media":1838,"template":"","meta":{"_coblocks_attr":"","_coblocks_dimensions":"","_coblocks_responsive_height":"","_coblocks_accordion_ie_support":"","hide_page_title":""},"product_brand":[57],"product_cat":[28,47],"product_tag":[18,19],"class_list":{"0":"post-3263","1":"product","2":"type-product","3":"status-publish","4":"has-post-thumbnail","6":"product_brand-vae-victis-miniatures","7":"product_cat-fantasy","8":"product_cat-vae-victis-miniatures","9":"product_tag-figurines","10":"product_tag-impression-3d","12":"first","13":"instock","14":"taxable","15":"shipping-taxable","16":"purchasable","17":"product-type-simple"},"_links":{"self":[{"href":"https:\/\/shop.trashfire.fr\/en\/wp-json\/wp\/v2\/product\/3263","targetHints":{"allow":["GET"]}}],"collection":[{"href":"https:\/\/shop.trashfire.fr\/en\/wp-json\/wp\/v2\/product"}],"about":[{"href":"https:\/\/shop.trashfire.fr\/en\/wp-json\/wp\/v2\/types\/product"}],"wp:featuredmedia":[{"embeddable":true,"href":"https:\/\/shop.trashfire.fr\/en\/wp-json\/wp\/v2\/media\/1838"}],"wp:attachment":[{"href":"https:\/\/shop.trashfire.fr\/en\/wp-json\/wp\/v2\/media?parent=3263"}],"wp:term":[{"taxonomy":"product_brand","embeddable":true,"href":"https:\/\/shop.trashfire.fr\/en\/wp-json\/wp\/v2\/product_brand?post=3263"},{"taxonomy":"product_cat","embeddable":true,"href":"https:\/\/shop.trashfire.fr\/en\/wp-json\/wp\/v2\/product_cat?post=3263"},{"taxonomy":"product_tag","embeddable":true,"href":"https:\/\/shop.trashfire.fr\/en\/wp-json\/wp\/v2\/product_tag?post=3263"}],"curies":[{"name":"wp","href":"https:\/\/api.w.org\/{rel}","templated":true}]}}