{"id":3264,"date":"2026-04-10T22:30:20","date_gmt":"2026-04-10T20:30:20","guid":{"rendered":"https:\/\/shop.trashfire.fr\/?post_type=product&#038;p=3264"},"modified":"2026-04-11T00:17:50","modified_gmt":"2026-04-10T22:17:50","slug":"the-lizard-guard","status":"publish","type":"product","link":"https:\/\/shop.trashfire.fr\/en\/produit\/the-lizard-guard\/","title":{"rendered":"Le garde l\u00e9zard"},"content":{"rendered":"<p>\u00ab Les menottes ! O\u00f9 as-tu bien pu les laisser, ces fichues menottes ?! \u00bb murmures-tu. La r\u00e9ponse ne tarde pas \u00e0 arriver. Tu entends le bruit du m\u00e9tal contre la pierre, la cha\u00eene, et le sifflement familier du terrifiant garde homme-l\u00e9zard. \u00ab O\u00f9 es-tu, sale type ?! Tu n&#8217;iras pas loin, tu ne peux pas t&#8217;\u00e9chapper d&#8217;ici\u2026 \u00bb Tu sais que tu as fait une erreur, MAIS tu sais aussi que ce garde est trop z\u00e9l\u00e9 et qu&#8217;il voudra r\u00e9gler le probl\u00e8me lui-m\u00eame. Tu as peut-\u00eatre une infime chance de le neutraliser avant qu&#8217;il n&#8217;appelle des renforts\u2026<\/p>\n<p>Une figurine imprim\u00e9e en r\u00e9sine ABS like, la couleur peut varier.<\/p>\n","protected":false},"excerpt":{"rendered":"<p>\u00ab Les menottes ! O\u00f9 as-tu bien pu les laisser, ces fichues menottes ?! \u00bb murmures-tu. La r\u00e9ponse ne tarde pas \u00e0 arriver. Tu entends le bruit du m\u00e9tal contre la pierre, la cha\u00eene, et le sifflement familier du terrifiant garde homme-l\u00e9zard. \u00ab O\u00f9 es-tu, sale type ?! Tu n&#8217;iras pas loin, tu ne peux [&hellip;]<\/p>\n","protected":false},"featured_media":1797,"template":"","meta":{"_coblocks_attr":"","_coblocks_dimensions":"","_coblocks_responsive_height":"","_coblocks_accordion_ie_support":"","hide_page_title":""},"product_brand":[57],"product_cat":[28,47],"product_tag":[18,19],"class_list":{"0":"post-3264","1":"product","2":"type-product","3":"status-publish","4":"has-post-thumbnail","6":"product_brand-vae-victis-miniatures","7":"product_cat-fantasy","8":"product_cat-vae-victis-miniatures","9":"product_tag-figurines","10":"product_tag-impression-3d","12":"first","13":"instock","14":"taxable","15":"shipping-taxable","16":"purchasable","17":"product-type-simple"},"_links":{"self":[{"href":"https:\/\/shop.trashfire.fr\/en\/wp-json\/wp\/v2\/product\/3264","targetHints":{"allow":["GET"]}}],"collection":[{"href":"https:\/\/shop.trashfire.fr\/en\/wp-json\/wp\/v2\/product"}],"about":[{"href":"https:\/\/shop.trashfire.fr\/en\/wp-json\/wp\/v2\/types\/product"}],"wp:featuredmedia":[{"embeddable":true,"href":"https:\/\/shop.trashfire.fr\/en\/wp-json\/wp\/v2\/media\/1797"}],"wp:attachment":[{"href":"https:\/\/shop.trashfire.fr\/en\/wp-json\/wp\/v2\/media?parent=3264"}],"wp:term":[{"taxonomy":"product_brand","embeddable":true,"href":"https:\/\/shop.trashfire.fr\/en\/wp-json\/wp\/v2\/product_brand?post=3264"},{"taxonomy":"product_cat","embeddable":true,"href":"https:\/\/shop.trashfire.fr\/en\/wp-json\/wp\/v2\/product_cat?post=3264"},{"taxonomy":"product_tag","embeddable":true,"href":"https:\/\/shop.trashfire.fr\/en\/wp-json\/wp\/v2\/product_tag?post=3264"}],"curies":[{"name":"wp","href":"https:\/\/api.w.org\/{rel}","templated":true}]}}