{"id":3266,"date":"2026-04-10T23:05:34","date_gmt":"2026-04-10T21:05:34","guid":{"rendered":"https:\/\/shop.trashfire.fr\/?post_type=product&#038;p=3266"},"modified":"2026-04-11T00:24:25","modified_gmt":"2026-04-10T22:24:25","slug":"the-escaping-prisoner","status":"publish","type":"product","link":"https:\/\/shop.trashfire.fr\/en\/produit\/the-escaping-prisoner\/","title":{"rendered":"Le prisonnier en fuite"},"content":{"rendered":"<p>\u00ab Eh bien, \u00e0 peine arriv\u00e9, et d\u00e9j\u00e0 en fuite, comme d&#8217;habitude. Amateurs\u2026 Voyons, o\u00f9 est celui qui a pris mon or\u2026 \u00bb<\/p>\n<p>Une figurine imprim\u00e9e en r\u00e9sine ABS like, la couleur peut varier.<\/p>\n","protected":false},"excerpt":{"rendered":"<p>\u00ab Eh bien, \u00e0 peine arriv\u00e9, et d\u00e9j\u00e0 en fuite, comme d&#8217;habitude. Amateurs\u2026 Voyons, o\u00f9 est celui qui a pris mon or\u2026 \u00bb Une figurine imprim\u00e9e en r\u00e9sine ABS like, la couleur peut varier.<\/p>\n","protected":false},"featured_media":1718,"template":"","meta":{"_coblocks_attr":"","_coblocks_dimensions":"","_coblocks_responsive_height":"","_coblocks_accordion_ie_support":"","hide_page_title":""},"product_brand":[57],"product_cat":[28,47],"product_tag":[18,19],"class_list":{"0":"post-3266","1":"product","2":"type-product","3":"status-publish","4":"has-post-thumbnail","6":"product_brand-vae-victis-miniatures","7":"product_cat-fantasy","8":"product_cat-vae-victis-miniatures","9":"product_tag-figurines","10":"product_tag-impression-3d","12":"first","13":"instock","14":"taxable","15":"shipping-taxable","16":"purchasable","17":"product-type-simple"},"_links":{"self":[{"href":"https:\/\/shop.trashfire.fr\/en\/wp-json\/wp\/v2\/product\/3266","targetHints":{"allow":["GET"]}}],"collection":[{"href":"https:\/\/shop.trashfire.fr\/en\/wp-json\/wp\/v2\/product"}],"about":[{"href":"https:\/\/shop.trashfire.fr\/en\/wp-json\/wp\/v2\/types\/product"}],"wp:featuredmedia":[{"embeddable":true,"href":"https:\/\/shop.trashfire.fr\/en\/wp-json\/wp\/v2\/media\/1718"}],"wp:attachment":[{"href":"https:\/\/shop.trashfire.fr\/en\/wp-json\/wp\/v2\/media?parent=3266"}],"wp:term":[{"taxonomy":"product_brand","embeddable":true,"href":"https:\/\/shop.trashfire.fr\/en\/wp-json\/wp\/v2\/product_brand?post=3266"},{"taxonomy":"product_cat","embeddable":true,"href":"https:\/\/shop.trashfire.fr\/en\/wp-json\/wp\/v2\/product_cat?post=3266"},{"taxonomy":"product_tag","embeddable":true,"href":"https:\/\/shop.trashfire.fr\/en\/wp-json\/wp\/v2\/product_tag?post=3266"}],"curies":[{"name":"wp","href":"https:\/\/api.w.org\/{rel}","templated":true}]}}