{"id":3272,"date":"2026-04-10T18:07:27","date_gmt":"2026-04-10T16:07:27","guid":{"rendered":"https:\/\/shop.trashfire.fr\/?post_type=product&#038;p=3272"},"modified":"2026-04-11T00:00:40","modified_gmt":"2026-04-10T22:00:40","slug":"the-high-priestess","status":"publish","type":"product","link":"https:\/\/shop.trashfire.fr\/en\/produit\/the-high-priestess\/","title":{"rendered":"La Grande Pr\u00eatresse"},"content":{"rendered":"<p>Les pr\u00eatresses et pr\u00eatresses du Dieu Bris\u00e9 incarnent la compassion, le martyre et la pers\u00e9v\u00e9rance. Ils parcourent les chemins sans rel\u00e2che, cherchant des \u00e2mes souffrantes \u00e0 soulager. Ils \u00e9changeraient volontiers leur place avec quiconque souffre, s&#8217;ils en avaient la possibilit\u00e9. Si vous en croisez un, offrez-lui une bonne nuit de repos et un repas chaud.<\/p>\n<p>Une figurine imprim\u00e9e en r\u00e9sine ABS like, la couleur peut varier.<\/p>\n","protected":false},"excerpt":{"rendered":"<p>Les pr\u00eatresses et pr\u00eatresses du Dieu Bris\u00e9 incarnent la compassion, le martyre et la pers\u00e9v\u00e9rance. Ils parcourent les chemins sans rel\u00e2che, cherchant des \u00e2mes souffrantes \u00e0 soulager. Ils \u00e9changeraient volontiers leur place avec quiconque souffre, s&#8217;ils en avaient la possibilit\u00e9. Si vous en croisez un, offrez-lui une bonne nuit de repos et un repas chaud. [&hellip;]<\/p>\n","protected":false},"featured_media":1805,"template":"","meta":{"_coblocks_attr":"","_coblocks_dimensions":"","_coblocks_responsive_height":"","_coblocks_accordion_ie_support":"","hide_page_title":""},"product_brand":[57],"product_cat":[28,47],"product_tag":[18,19],"class_list":{"0":"post-3272","1":"product","2":"type-product","3":"status-publish","4":"has-post-thumbnail","6":"product_brand-vae-victis-miniatures","7":"product_cat-fantasy","8":"product_cat-vae-victis-miniatures","9":"product_tag-figurines","10":"product_tag-impression-3d","12":"first","13":"instock","14":"taxable","15":"shipping-taxable","16":"purchasable","17":"product-type-simple"},"_links":{"self":[{"href":"https:\/\/shop.trashfire.fr\/en\/wp-json\/wp\/v2\/product\/3272","targetHints":{"allow":["GET"]}}],"collection":[{"href":"https:\/\/shop.trashfire.fr\/en\/wp-json\/wp\/v2\/product"}],"about":[{"href":"https:\/\/shop.trashfire.fr\/en\/wp-json\/wp\/v2\/types\/product"}],"wp:featuredmedia":[{"embeddable":true,"href":"https:\/\/shop.trashfire.fr\/en\/wp-json\/wp\/v2\/media\/1805"}],"wp:attachment":[{"href":"https:\/\/shop.trashfire.fr\/en\/wp-json\/wp\/v2\/media?parent=3272"}],"wp:term":[{"taxonomy":"product_brand","embeddable":true,"href":"https:\/\/shop.trashfire.fr\/en\/wp-json\/wp\/v2\/product_brand?post=3272"},{"taxonomy":"product_cat","embeddable":true,"href":"https:\/\/shop.trashfire.fr\/en\/wp-json\/wp\/v2\/product_cat?post=3272"},{"taxonomy":"product_tag","embeddable":true,"href":"https:\/\/shop.trashfire.fr\/en\/wp-json\/wp\/v2\/product_tag?post=3272"}],"curies":[{"name":"wp","href":"https:\/\/api.w.org\/{rel}","templated":true}]}}