{"id":3274,"date":"2026-04-10T18:07:26","date_gmt":"2026-04-10T16:07:26","guid":{"rendered":"https:\/\/shop.trashfire.fr\/?post_type=product&#038;p=3274"},"modified":"2026-04-11T00:10:00","modified_gmt":"2026-04-10T22:10:00","slug":"the-craftmanship-cleric","status":"publish","type":"product","link":"https:\/\/shop.trashfire.fr\/en\/produit\/the-craftmanship-cleric\/","title":{"rendered":"Le clerc de l&#8217;artisanat"},"content":{"rendered":"<p>\u00ab Alors que la plupart des forgerons et cr\u00e9ateurs pr\u00e9f\u00e8rent avoir une boutique en ville et recevoir les clients, certains choisissent de prendre la route et de voyager pour r\u00e9pandre la parole du Seigneur de tous les forgerons. Ils s&#8217;efforcent de trouver de nouveaux mod\u00e8les pour des cr\u00e9ations merveilleuses et recherchent de jeunes artisans pour les aider dans leur travail. De temps \u00e0 autre, ils retournent \u00e0 leur temple, rapportant avec eux de nouvelles id\u00e9es qui enrichiront le savoir de tous. \u00bb<\/p>\n<p>Une figurine imprim\u00e9e en r\u00e9sine ABS like, la couleur peut varier.<\/p>\n","protected":false},"excerpt":{"rendered":"<p>\u00ab Alors que la plupart des forgerons et cr\u00e9ateurs pr\u00e9f\u00e8rent avoir une boutique en ville et recevoir les clients, certains choisissent de prendre la route et de voyager pour r\u00e9pandre la parole du Seigneur de tous les forgerons. Ils s&#8217;efforcent de trouver de nouveaux mod\u00e8les pour des cr\u00e9ations merveilleuses et recherchent de jeunes artisans pour [&hellip;]<\/p>\n","protected":false},"featured_media":1841,"template":"","meta":{"_coblocks_attr":"","_coblocks_dimensions":"","_coblocks_responsive_height":"","_coblocks_accordion_ie_support":"","hide_page_title":""},"product_brand":[57],"product_cat":[28,47],"product_tag":[18,19],"class_list":{"0":"post-3274","1":"product","2":"type-product","3":"status-publish","4":"has-post-thumbnail","6":"product_brand-vae-victis-miniatures","7":"product_cat-fantasy","8":"product_cat-vae-victis-miniatures","9":"product_tag-figurines","10":"product_tag-impression-3d","12":"first","13":"instock","14":"taxable","15":"shipping-taxable","16":"purchasable","17":"product-type-simple"},"_links":{"self":[{"href":"https:\/\/shop.trashfire.fr\/en\/wp-json\/wp\/v2\/product\/3274","targetHints":{"allow":["GET"]}}],"collection":[{"href":"https:\/\/shop.trashfire.fr\/en\/wp-json\/wp\/v2\/product"}],"about":[{"href":"https:\/\/shop.trashfire.fr\/en\/wp-json\/wp\/v2\/types\/product"}],"wp:featuredmedia":[{"embeddable":true,"href":"https:\/\/shop.trashfire.fr\/en\/wp-json\/wp\/v2\/media\/1841"}],"wp:attachment":[{"href":"https:\/\/shop.trashfire.fr\/en\/wp-json\/wp\/v2\/media?parent=3274"}],"wp:term":[{"taxonomy":"product_brand","embeddable":true,"href":"https:\/\/shop.trashfire.fr\/en\/wp-json\/wp\/v2\/product_brand?post=3274"},{"taxonomy":"product_cat","embeddable":true,"href":"https:\/\/shop.trashfire.fr\/en\/wp-json\/wp\/v2\/product_cat?post=3274"},{"taxonomy":"product_tag","embeddable":true,"href":"https:\/\/shop.trashfire.fr\/en\/wp-json\/wp\/v2\/product_tag?post=3274"}],"curies":[{"name":"wp","href":"https:\/\/api.w.org\/{rel}","templated":true}]}}