{"id":3275,"date":"2026-04-10T18:07:25","date_gmt":"2026-04-10T16:07:25","guid":{"rendered":"https:\/\/shop.trashfire.fr\/?post_type=product&#038;p=3275"},"modified":"2026-04-11T00:10:55","modified_gmt":"2026-04-10T22:10:55","slug":"the-dwarf-cleric","status":"publish","type":"product","link":"https:\/\/shop.trashfire.fr\/en\/produit\/the-dwarf-cleric\/","title":{"rendered":"Le clerc nain"},"content":{"rendered":"<p>J&#8217;entendais mes camarades mourir autour de moi : des cris de guerre s&#8217;\u00e9levaient, aussit\u00f4t \u00e9touff\u00e9s par une fl\u00e8che en plein c\u0153ur ou un coup de hache en pleine t\u00eate. Pourquoi n&#8217;avaient-ils pas ordonn\u00e9 la retraite ? Gisant au sol, baignant dans mon sang, je savais que ma fin \u00e9tait proche. Le craquement des feuilles et des branches\u2026 Quelqu&#8217;un approchait. \u00ab C&#8217;est la fin pour toi, rat des collines\u2026 \u00bb articula l&#8217;orc d&#8217;une voix rauque. \u00ab Rakoth\u00fbrz prendra ta t\u00eate comme troph\u00e9e ! \u00bb Je fermai les yeux et attendis le coup. J&#8217;entendis l&#8217;armure de l&#8217;orc tinter lorsqu&#8217;il leva sa lance, pr\u00eat \u00e0 me la planter dans la poitrine. Soudain, une sonnerie retentit sur le champ de bataille, comme si une cloche venait de sonner, et un cri de guerre s&#8217;\u00e9leva : \u00ab Pas aujourd&#8217;hui, sales b\u00e2tards ! \u00bb L&#8217;orc rugit et j&#8217;ouvris les yeux : le nain le plus d\u00e9termin\u00e9 que j&#8217;aie jamais vu chargeait droit sur nous. Hurlant de fureur et brandissant un marteau d&#8217;argent \u00e9tincelant, il s&#8217;abattit sur l&#8217;orc et, d&#8217;un coup de bouclier et d&#8217;un coup de cr\u00e2ne, se tint debout sur le corps de son ennemi vaincu. Il se tourna vers moi et dit : \u00ab Tu ne mourras pas aujourd&#8217;hui, petit\u2026 Pas tant que je serai debout et que Tyr sera avec moi. \u00bb<\/p>\n<p>Une figurine imprim\u00e9e en r\u00e9sine ABS like, la couleur peut varier.<\/p>\n","protected":false},"excerpt":{"rendered":"<p>J&#8217;entendais mes camarades mourir autour de moi : des cris de guerre s&#8217;\u00e9levaient, aussit\u00f4t \u00e9touff\u00e9s par une fl\u00e8che en plein c\u0153ur ou un coup de hache en pleine t\u00eate. Pourquoi n&#8217;avaient-ils pas ordonn\u00e9 la retraite ? Gisant au sol, baignant dans mon sang, je savais que ma fin \u00e9tait proche. Le craquement des feuilles et [&hellip;]<\/p>\n","protected":false},"featured_media":1842,"template":"","meta":{"_coblocks_attr":"","_coblocks_dimensions":"","_coblocks_responsive_height":"","_coblocks_accordion_ie_support":"","hide_page_title":""},"product_brand":[57],"product_cat":[28,47],"product_tag":[18,19,85],"class_list":{"0":"post-3275","1":"product","2":"type-product","3":"status-publish","4":"has-post-thumbnail","6":"product_brand-vae-victis-miniatures","7":"product_cat-fantasy","8":"product_cat-vae-victis-miniatures","9":"product_tag-figurines","10":"product_tag-impression-3d","11":"product_tag-nain","13":"first","14":"instock","15":"taxable","16":"shipping-taxable","17":"purchasable","18":"product-type-simple"},"_links":{"self":[{"href":"https:\/\/shop.trashfire.fr\/en\/wp-json\/wp\/v2\/product\/3275","targetHints":{"allow":["GET"]}}],"collection":[{"href":"https:\/\/shop.trashfire.fr\/en\/wp-json\/wp\/v2\/product"}],"about":[{"href":"https:\/\/shop.trashfire.fr\/en\/wp-json\/wp\/v2\/types\/product"}],"wp:featuredmedia":[{"embeddable":true,"href":"https:\/\/shop.trashfire.fr\/en\/wp-json\/wp\/v2\/media\/1842"}],"wp:attachment":[{"href":"https:\/\/shop.trashfire.fr\/en\/wp-json\/wp\/v2\/media?parent=3275"}],"wp:term":[{"taxonomy":"product_brand","embeddable":true,"href":"https:\/\/shop.trashfire.fr\/en\/wp-json\/wp\/v2\/product_brand?post=3275"},{"taxonomy":"product_cat","embeddable":true,"href":"https:\/\/shop.trashfire.fr\/en\/wp-json\/wp\/v2\/product_cat?post=3275"},{"taxonomy":"product_tag","embeddable":true,"href":"https:\/\/shop.trashfire.fr\/en\/wp-json\/wp\/v2\/product_tag?post=3275"}],"curies":[{"name":"wp","href":"https:\/\/api.w.org\/{rel}","templated":true}]}}