{"id":3276,"date":"2026-04-10T18:07:25","date_gmt":"2026-04-10T16:07:25","guid":{"rendered":"https:\/\/shop.trashfire.fr\/?post_type=product&#038;p=3276"},"modified":"2026-04-11T00:15:27","modified_gmt":"2026-04-10T22:15:27","slug":"the-tiefling-cleric","status":"publish","type":"product","link":"https:\/\/shop.trashfire.fr\/en\/produit\/the-tiefling-cleric\/","title":{"rendered":"Le clerc tieffelin"},"content":{"rendered":"<p>\u00ab Nombreuses sont les forces qui gouvernent le monde et qui sont bienveillantes envers les habitants du monde physique. D&#8217;autres se contentent d&#8217;observer d&#8217;un \u0153il indiff\u00e9rent, menant une vie si sup\u00e9rieure \u00e0 celle des mortels que les milliards d&#8217;\u00e2mes ne sont \u00e0 leurs yeux que de simples insectes. Mais d&#8217;autres encore nourrissent des desseins diff\u00e9rents\u2026 Complotant contre les autres dieux, corrompant les vivants pour \u00e9tendre leur emprise sur le monde des vivants, les soumettant \u00e0 leur volont\u00e9 ou les s\u00e9duisant suffisamment pour les enr\u00f4ler de leur plein gr\u00e9. C&#8217;est alors que ces cr\u00e9atures deviennent les plus dangereuses, atteignant leur plein potentiel\u2026 \u00bb<\/p>\n<p>Une figurine imprim\u00e9e en r\u00e9sine ABS like, la couleur peut varier.<\/p>\n","protected":false},"excerpt":{"rendered":"<p>\u00ab Nombreuses sont les forces qui gouvernent le monde et qui sont bienveillantes envers les habitants du monde physique. D&#8217;autres se contentent d&#8217;observer d&#8217;un \u0153il indiff\u00e9rent, menant une vie si sup\u00e9rieure \u00e0 celle des mortels que les milliards d&#8217;\u00e2mes ne sont \u00e0 leurs yeux que de simples insectes. Mais d&#8217;autres encore nourrissent des desseins diff\u00e9rents\u2026 [&hellip;]<\/p>\n","protected":false},"featured_media":1721,"template":"","meta":{"_coblocks_attr":"","_coblocks_dimensions":"","_coblocks_responsive_height":"","_coblocks_accordion_ie_support":"","hide_page_title":""},"product_brand":[57],"product_cat":[28,47],"product_tag":[18,19,77],"class_list":{"0":"post-3276","1":"product","2":"type-product","3":"status-publish","4":"has-post-thumbnail","6":"product_brand-vae-victis-miniatures","7":"product_cat-fantasy","8":"product_cat-vae-victis-miniatures","9":"product_tag-figurines","10":"product_tag-impression-3d","11":"product_tag-tieffelin","13":"first","14":"instock","15":"taxable","16":"shipping-taxable","17":"purchasable","18":"product-type-simple"},"_links":{"self":[{"href":"https:\/\/shop.trashfire.fr\/en\/wp-json\/wp\/v2\/product\/3276","targetHints":{"allow":["GET"]}}],"collection":[{"href":"https:\/\/shop.trashfire.fr\/en\/wp-json\/wp\/v2\/product"}],"about":[{"href":"https:\/\/shop.trashfire.fr\/en\/wp-json\/wp\/v2\/types\/product"}],"wp:featuredmedia":[{"embeddable":true,"href":"https:\/\/shop.trashfire.fr\/en\/wp-json\/wp\/v2\/media\/1721"}],"wp:attachment":[{"href":"https:\/\/shop.trashfire.fr\/en\/wp-json\/wp\/v2\/media?parent=3276"}],"wp:term":[{"taxonomy":"product_brand","embeddable":true,"href":"https:\/\/shop.trashfire.fr\/en\/wp-json\/wp\/v2\/product_brand?post=3276"},{"taxonomy":"product_cat","embeddable":true,"href":"https:\/\/shop.trashfire.fr\/en\/wp-json\/wp\/v2\/product_cat?post=3276"},{"taxonomy":"product_tag","embeddable":true,"href":"https:\/\/shop.trashfire.fr\/en\/wp-json\/wp\/v2\/product_tag?post=3276"}],"curies":[{"name":"wp","href":"https:\/\/api.w.org\/{rel}","templated":true}]}}