{"id":3283,"date":"2026-04-10T18:07:24","date_gmt":"2026-04-10T16:07:24","guid":{"rendered":"https:\/\/shop.trashfire.fr\/?post_type=product&#038;p=3283"},"modified":"2026-04-11T00:14:13","modified_gmt":"2026-04-10T22:14:13","slug":"the-pitchfork-townfolk","status":"publish","type":"product","link":"https:\/\/shop.trashfire.fr\/en\/produit\/the-pitchfork-townfolk\/","title":{"rendered":"Habitant de la ville avec une fourche"},"content":{"rendered":"<p>\u00ab Je passe le plus clair de mon temps les mains dans la terre, \u00e0 cultiver des l\u00e9gumes sans go\u00fbt pour le village. Rien ne pousse correctement dans ce sol. Et s&#8217;il y a bien une chose dont je suis s\u00fbre, c&#8217;est que les sorci\u00e8res nous ont jet\u00e9 un sort ! Alors soyez assur\u00e9s que je marcherai avec la foule quand viendra le moment de la chasser ! \u00bb<\/p>\n<p>Une figurine imprim\u00e9e en r\u00e9sine ABS like, la couleur peut varier.<\/p>\n","protected":false},"excerpt":{"rendered":"<p>\u00ab Je passe le plus clair de mon temps les mains dans la terre, \u00e0 cultiver des l\u00e9gumes sans go\u00fbt pour le village. Rien ne pousse correctement dans ce sol. Et s&#8217;il y a bien une chose dont je suis s\u00fbre, c&#8217;est que les sorci\u00e8res nous ont jet\u00e9 un sort ! Alors soyez assur\u00e9s que [&hellip;]<\/p>\n","protected":false},"featured_media":2422,"template":"","meta":{"_coblocks_attr":"","_coblocks_dimensions":"","_coblocks_responsive_height":"","_coblocks_accordion_ie_support":"","hide_page_title":""},"product_brand":[57],"product_cat":[28,47],"product_tag":[18,19],"class_list":{"0":"post-3283","1":"product","2":"type-product","3":"status-publish","4":"has-post-thumbnail","6":"product_brand-vae-victis-miniatures","7":"product_cat-fantasy","8":"product_cat-vae-victis-miniatures","9":"product_tag-figurines","10":"product_tag-impression-3d","12":"first","13":"instock","14":"taxable","15":"shipping-taxable","16":"purchasable","17":"product-type-simple"},"_links":{"self":[{"href":"https:\/\/shop.trashfire.fr\/en\/wp-json\/wp\/v2\/product\/3283","targetHints":{"allow":["GET"]}}],"collection":[{"href":"https:\/\/shop.trashfire.fr\/en\/wp-json\/wp\/v2\/product"}],"about":[{"href":"https:\/\/shop.trashfire.fr\/en\/wp-json\/wp\/v2\/types\/product"}],"wp:featuredmedia":[{"embeddable":true,"href":"https:\/\/shop.trashfire.fr\/en\/wp-json\/wp\/v2\/media\/2422"}],"wp:attachment":[{"href":"https:\/\/shop.trashfire.fr\/en\/wp-json\/wp\/v2\/media?parent=3283"}],"wp:term":[{"taxonomy":"product_brand","embeddable":true,"href":"https:\/\/shop.trashfire.fr\/en\/wp-json\/wp\/v2\/product_brand?post=3283"},{"taxonomy":"product_cat","embeddable":true,"href":"https:\/\/shop.trashfire.fr\/en\/wp-json\/wp\/v2\/product_cat?post=3283"},{"taxonomy":"product_tag","embeddable":true,"href":"https:\/\/shop.trashfire.fr\/en\/wp-json\/wp\/v2\/product_tag?post=3283"}],"curies":[{"name":"wp","href":"https:\/\/api.w.org\/{rel}","templated":true}]}}