{"id":3284,"date":"2025-06-04T18:48:33","date_gmt":"2025-06-04T16:48:33","guid":{"rendered":"https:\/\/shop.trashfire.fr\/?post_type=product&#038;p=3284"},"modified":"2026-04-10T23:54:05","modified_gmt":"2026-04-10T21:54:05","slug":"the-angry-townfolk","status":"publish","type":"product","link":"https:\/\/shop.trashfire.fr\/en\/produit\/the-angry-townfolk\/","title":{"rendered":"Les habitants en col\u00e8re"},"content":{"rendered":"<p>\u00ab D&#8217;habitude, ce sont elles qui colportent des rumeurs sur le maire, qui protestent contre le manque de nourriture de qualit\u00e9 ou contre les imp\u00f4ts. Mais quand il s&#8217;agit de br\u00fbler une sorci\u00e8re ? Oh l\u00e0 l\u00e0, soyez s\u00fbrs qu&#8217;elles se rallieront \u00e0 lui pour cette f\u00eate macabre ! \u00bb<\/p>\n<p>Deux figurines imprim\u00e9es en r\u00e9sine ABS like, la couleur peut varier.<br \/>\n&#8211; Lanceuse de tomates<br \/>\n&#8211; Femme enceinte<\/p>\n","protected":false},"excerpt":{"rendered":"<p>\u00ab D&#8217;habitude, ce sont elles qui colportent des rumeurs sur le maire, qui protestent contre le manque de nourriture de qualit\u00e9 ou contre les imp\u00f4ts. Mais quand il s&#8217;agit de br\u00fbler une sorci\u00e8re ? Oh l\u00e0 l\u00e0, soyez s\u00fbrs qu&#8217;elles se rallieront \u00e0 lui pour cette f\u00eate macabre ! \u00bb Deux figurines imprim\u00e9es en r\u00e9sine [&hellip;]<\/p>\n","protected":false},"featured_media":2423,"template":"","meta":{"_coblocks_attr":"","_coblocks_dimensions":"","_coblocks_responsive_height":"","_coblocks_accordion_ie_support":"","hide_page_title":""},"product_brand":[57],"product_cat":[28,47],"product_tag":[18,19],"class_list":{"0":"post-3284","1":"product","2":"type-product","3":"status-publish","4":"has-post-thumbnail","6":"product_brand-vae-victis-miniatures","7":"product_cat-fantasy","8":"product_cat-vae-victis-miniatures","9":"product_tag-figurines","10":"product_tag-impression-3d","12":"first","13":"instock","14":"taxable","15":"shipping-taxable","16":"purchasable","17":"product-type-simple"},"_links":{"self":[{"href":"https:\/\/shop.trashfire.fr\/en\/wp-json\/wp\/v2\/product\/3284","targetHints":{"allow":["GET"]}}],"collection":[{"href":"https:\/\/shop.trashfire.fr\/en\/wp-json\/wp\/v2\/product"}],"about":[{"href":"https:\/\/shop.trashfire.fr\/en\/wp-json\/wp\/v2\/types\/product"}],"wp:featuredmedia":[{"embeddable":true,"href":"https:\/\/shop.trashfire.fr\/en\/wp-json\/wp\/v2\/media\/2423"}],"wp:attachment":[{"href":"https:\/\/shop.trashfire.fr\/en\/wp-json\/wp\/v2\/media?parent=3284"}],"wp:term":[{"taxonomy":"product_brand","embeddable":true,"href":"https:\/\/shop.trashfire.fr\/en\/wp-json\/wp\/v2\/product_brand?post=3284"},{"taxonomy":"product_cat","embeddable":true,"href":"https:\/\/shop.trashfire.fr\/en\/wp-json\/wp\/v2\/product_cat?post=3284"},{"taxonomy":"product_tag","embeddable":true,"href":"https:\/\/shop.trashfire.fr\/en\/wp-json\/wp\/v2\/product_tag?post=3284"}],"curies":[{"name":"wp","href":"https:\/\/api.w.org\/{rel}","templated":true}]}}