{"id":3285,"date":"2026-04-10T18:07:22","date_gmt":"2026-04-10T16:07:22","guid":{"rendered":"https:\/\/shop.trashfire.fr\/?post_type=product&#038;p=3285"},"modified":"2026-04-11T00:19:41","modified_gmt":"2026-04-10T22:19:41","slug":"the-judge","status":"publish","type":"product","link":"https:\/\/shop.trashfire.fr\/en\/produit\/the-judge\/","title":{"rendered":"Le juge"},"content":{"rendered":"<p>\u00ab Quelques fois par mois, le maire enfile sa perruque de juge. V\u00eatu de son vieux costume de parade poussi\u00e9reux, il se dirige lentement vers son balcon pour s&#8217;adresser \u00e0 la foule. Jusqu&#8217;\u00e0 pr\u00e9sent, aucun des malheureux accus\u00e9s d&#8217;\u00eatre un sorcier n&#8217;a \u00e9t\u00e9 acquitt\u00e9\u2026 \u00bb<\/p>\n<p>Une figurine imprim\u00e9e en r\u00e9sine ABS like, la couleur peut varier.<\/p>\n","protected":false},"excerpt":{"rendered":"<p>\u00ab Quelques fois par mois, le maire enfile sa perruque de juge. V\u00eatu de son vieux costume de parade poussi\u00e9reux, il se dirige lentement vers son balcon pour s&#8217;adresser \u00e0 la foule. Jusqu&#8217;\u00e0 pr\u00e9sent, aucun des malheureux accus\u00e9s d&#8217;\u00eatre un sorcier n&#8217;a \u00e9t\u00e9 acquitt\u00e9\u2026 \u00bb Une figurine imprim\u00e9e en r\u00e9sine ABS like, la couleur peut [&hellip;]<\/p>\n","protected":false},"featured_media":2150,"template":"","meta":{"_coblocks_attr":"","_coblocks_dimensions":"","_coblocks_responsive_height":"","_coblocks_accordion_ie_support":"","hide_page_title":""},"product_brand":[57],"product_cat":[28,47],"product_tag":[18,19],"class_list":{"0":"post-3285","1":"product","2":"type-product","3":"status-publish","4":"has-post-thumbnail","6":"product_brand-vae-victis-miniatures","7":"product_cat-fantasy","8":"product_cat-vae-victis-miniatures","9":"product_tag-figurines","10":"product_tag-impression-3d","12":"first","13":"instock","14":"taxable","15":"shipping-taxable","16":"purchasable","17":"product-type-simple"},"_links":{"self":[{"href":"https:\/\/shop.trashfire.fr\/en\/wp-json\/wp\/v2\/product\/3285","targetHints":{"allow":["GET"]}}],"collection":[{"href":"https:\/\/shop.trashfire.fr\/en\/wp-json\/wp\/v2\/product"}],"about":[{"href":"https:\/\/shop.trashfire.fr\/en\/wp-json\/wp\/v2\/types\/product"}],"wp:featuredmedia":[{"embeddable":true,"href":"https:\/\/shop.trashfire.fr\/en\/wp-json\/wp\/v2\/media\/2150"}],"wp:attachment":[{"href":"https:\/\/shop.trashfire.fr\/en\/wp-json\/wp\/v2\/media?parent=3285"}],"wp:term":[{"taxonomy":"product_brand","embeddable":true,"href":"https:\/\/shop.trashfire.fr\/en\/wp-json\/wp\/v2\/product_brand?post=3285"},{"taxonomy":"product_cat","embeddable":true,"href":"https:\/\/shop.trashfire.fr\/en\/wp-json\/wp\/v2\/product_cat?post=3285"},{"taxonomy":"product_tag","embeddable":true,"href":"https:\/\/shop.trashfire.fr\/en\/wp-json\/wp\/v2\/product_tag?post=3285"}],"curies":[{"name":"wp","href":"https:\/\/api.w.org\/{rel}","templated":true}]}}