{"id":3287,"date":"2026-04-10T18:07:23","date_gmt":"2026-04-10T16:07:23","guid":{"rendered":"https:\/\/shop.trashfire.fr\/?post_type=product&#038;p=3287"},"modified":"2026-04-10T22:26:39","modified_gmt":"2026-04-10T20:26:39","slug":"witch-hunter","status":"publish","type":"product","link":"https:\/\/shop.trashfire.fr\/en\/produit\/witch-hunter\/","title":{"rendered":"Chasseur de sorci\u00e8res"},"content":{"rendered":"<p>* &#8230; Arriv\u00e9 juste \u00e0 temps dans la pi\u00e8ce, le chasseur terrasse la sorci\u00e8re en fuite d&#8217;un coup de marteau fracassant. Une fois le combat termin\u00e9, un grondement se fait entendre au plafond. D&#8217;autres sorci\u00e8res, sans doute&#8230; Les chasseurs sont en inf\u00e9riorit\u00e9 num\u00e9rique, mais rien qu&#8217;une torche enflamm\u00e9e ne puisse r\u00e9gler&#8230;<\/p>\n<p>Mains \u00e0 monter.<br \/>\nUne figurine imprim\u00e9e en r\u00e9sine ABS like, la couleur peut varier.<\/p>\n","protected":false},"excerpt":{"rendered":"<p>* &#8230; Arriv\u00e9 juste \u00e0 temps dans la pi\u00e8ce, le chasseur terrasse la sorci\u00e8re en fuite d&#8217;un coup de marteau fracassant. Une fois le combat termin\u00e9, un grondement se fait entendre au plafond. D&#8217;autres sorci\u00e8res, sans doute&#8230; Les chasseurs sont en inf\u00e9riorit\u00e9 num\u00e9rique, mais rien qu&#8217;une torche enflamm\u00e9e ne puisse r\u00e9gler&#8230; Mains \u00e0 monter. Une [&hellip;]<\/p>\n","protected":false},"featured_media":2139,"template":"","meta":{"_coblocks_attr":"","_coblocks_dimensions":"","_coblocks_responsive_height":"","_coblocks_accordion_ie_support":"","hide_page_title":""},"product_brand":[57],"product_cat":[28,47],"product_tag":[18,19,83],"class_list":{"0":"post-3287","1":"product","2":"type-product","3":"status-publish","4":"has-post-thumbnail","6":"product_brand-vae-victis-miniatures","7":"product_cat-fantasy","8":"product_cat-vae-victis-miniatures","9":"product_tag-figurines","10":"product_tag-impression-3d","11":"product_tag-witch-hunter","13":"first","14":"instock","15":"taxable","16":"shipping-taxable","17":"purchasable","18":"product-type-simple"},"_links":{"self":[{"href":"https:\/\/shop.trashfire.fr\/en\/wp-json\/wp\/v2\/product\/3287","targetHints":{"allow":["GET"]}}],"collection":[{"href":"https:\/\/shop.trashfire.fr\/en\/wp-json\/wp\/v2\/product"}],"about":[{"href":"https:\/\/shop.trashfire.fr\/en\/wp-json\/wp\/v2\/types\/product"}],"wp:featuredmedia":[{"embeddable":true,"href":"https:\/\/shop.trashfire.fr\/en\/wp-json\/wp\/v2\/media\/2139"}],"wp:attachment":[{"href":"https:\/\/shop.trashfire.fr\/en\/wp-json\/wp\/v2\/media?parent=3287"}],"wp:term":[{"taxonomy":"product_brand","embeddable":true,"href":"https:\/\/shop.trashfire.fr\/en\/wp-json\/wp\/v2\/product_brand?post=3287"},{"taxonomy":"product_cat","embeddable":true,"href":"https:\/\/shop.trashfire.fr\/en\/wp-json\/wp\/v2\/product_cat?post=3287"},{"taxonomy":"product_tag","embeddable":true,"href":"https:\/\/shop.trashfire.fr\/en\/wp-json\/wp\/v2\/product_tag?post=3287"}],"curies":[{"name":"wp","href":"https:\/\/api.w.org\/{rel}","templated":true}]}}