{"id":3288,"date":"2026-04-10T18:07:22","date_gmt":"2026-04-10T16:07:22","guid":{"rendered":"https:\/\/shop.trashfire.fr\/?post_type=product&#038;p=3288"},"modified":"2026-04-10T23:58:19","modified_gmt":"2026-04-10T21:58:19","slug":"the-witch-huntress","status":"publish","type":"product","link":"https:\/\/shop.trashfire.fr\/en\/produit\/the-witch-huntress\/","title":{"rendered":"La chasseuse de sorci\u00e8res (2 figurines)"},"content":{"rendered":"<p>*Boum boum* Deux carreaux de son arbal\u00e8te travers\u00e8rent la pi\u00e8ce et clou\u00e8rent une sorci\u00e8re hurlante au mur. La chasseresse se retourna pour en affronter un autre, mais la satan\u00e9e arbal\u00e8te \u00e9tait trop rapide. La sorci\u00e8re saisit le second carreau point\u00e9 sur elle et le broya entre ses longs doigts difformes avant m\u00eame que la d\u00e9tente ne soit press\u00e9e. Le clan est plus mature que les chasseurs ne le pensaient&#8230; D\u00e9gainant son \u00e9p\u00e9e, elle fit s&#8217;abattre une pluie d&#8217;acier froid sur une griffe ac\u00e9r\u00e9e. Dans le fracas du combat, la chasseresse n&#8217;entendit pas le cliquetis des carreaux sur le sol, le premier qui l&#8217;avait lib\u00e9r\u00e9e&#8230;<\/p>\n<p>Une figurine imprim\u00e9e en r\u00e9sine ABS like, la couleur peut varier.<br \/>\n&#8211; Des mains modulables.<br \/>\n&#8211; Une variante sans chapeau.<\/p>\n","protected":false},"excerpt":{"rendered":"<p>*Boum boum* Deux carreaux de son arbal\u00e8te travers\u00e8rent la pi\u00e8ce et clou\u00e8rent une sorci\u00e8re hurlante au mur. La chasseresse se retourna pour en affronter un autre, mais la satan\u00e9e arbal\u00e8te \u00e9tait trop rapide. La sorci\u00e8re saisit le second carreau point\u00e9 sur elle et le broya entre ses longs doigts difformes avant m\u00eame que la d\u00e9tente [&hellip;]<\/p>\n","protected":false},"featured_media":2140,"template":"","meta":{"_coblocks_attr":"","_coblocks_dimensions":"","_coblocks_responsive_height":"","_coblocks_accordion_ie_support":"","hide_page_title":""},"product_brand":[57],"product_cat":[28,47],"product_tag":[18,19,83],"class_list":{"0":"post-3288","1":"product","2":"type-product","3":"status-publish","4":"has-post-thumbnail","6":"product_brand-vae-victis-miniatures","7":"product_cat-fantasy","8":"product_cat-vae-victis-miniatures","9":"product_tag-figurines","10":"product_tag-impression-3d","11":"product_tag-witch-hunter","13":"first","14":"instock","15":"taxable","16":"shipping-taxable","17":"purchasable","18":"product-type-simple"},"_links":{"self":[{"href":"https:\/\/shop.trashfire.fr\/en\/wp-json\/wp\/v2\/product\/3288","targetHints":{"allow":["GET"]}}],"collection":[{"href":"https:\/\/shop.trashfire.fr\/en\/wp-json\/wp\/v2\/product"}],"about":[{"href":"https:\/\/shop.trashfire.fr\/en\/wp-json\/wp\/v2\/types\/product"}],"wp:featuredmedia":[{"embeddable":true,"href":"https:\/\/shop.trashfire.fr\/en\/wp-json\/wp\/v2\/media\/2140"}],"wp:attachment":[{"href":"https:\/\/shop.trashfire.fr\/en\/wp-json\/wp\/v2\/media?parent=3288"}],"wp:term":[{"taxonomy":"product_brand","embeddable":true,"href":"https:\/\/shop.trashfire.fr\/en\/wp-json\/wp\/v2\/product_brand?post=3288"},{"taxonomy":"product_cat","embeddable":true,"href":"https:\/\/shop.trashfire.fr\/en\/wp-json\/wp\/v2\/product_cat?post=3288"},{"taxonomy":"product_tag","embeddable":true,"href":"https:\/\/shop.trashfire.fr\/en\/wp-json\/wp\/v2\/product_tag?post=3288"}],"curies":[{"name":"wp","href":"https:\/\/api.w.org\/{rel}","templated":true}]}}