{"id":3294,"date":"2026-04-10T18:07:21","date_gmt":"2026-04-10T16:07:21","guid":{"rendered":"https:\/\/shop.trashfire.fr\/?post_type=product&#038;p=3294"},"modified":"2026-04-11T00:24:04","modified_gmt":"2026-04-10T22:24:04","slug":"the-noble","status":"publish","type":"product","link":"https:\/\/shop.trashfire.fr\/en\/produit\/the-noble\/","title":{"rendered":"Le Noble"},"content":{"rendered":"<p>Vivant dans son vieux manoir, cette dame s\u00e9v\u00e8re \u00e9tait consid\u00e9r\u00e9e comme une figure louche de la ville. Certains disaient qu&#8217;elle convoitait le poste de bourgmestre. D&#8217;autres pr\u00e9tendaient l&#8217;avoir vue converser avec des silhouettes obscures dans l&#8217;obscurit\u00e9 de la nuit. Et si vous aviez une pi\u00e8ce \u00e0 d\u00e9penser, ils vous avoueraient peut-\u00eatre l&#8217;avoir vue dispara\u00eetre, se fondre dans le brouillard\u2026<\/p>\n<p>Une figurine imprim\u00e9e en r\u00e9sine ABS like, la couleur peut varier.<\/p>\n","protected":false},"excerpt":{"rendered":"<p>Vivant dans son vieux manoir, cette dame s\u00e9v\u00e8re \u00e9tait consid\u00e9r\u00e9e comme une figure louche de la ville. Certains disaient qu&#8217;elle convoitait le poste de bourgmestre. D&#8217;autres pr\u00e9tendaient l&#8217;avoir vue converser avec des silhouettes obscures dans l&#8217;obscurit\u00e9 de la nuit. Et si vous aviez une pi\u00e8ce \u00e0 d\u00e9penser, ils vous avoueraient peut-\u00eatre l&#8217;avoir vue dispara\u00eetre, se [&hellip;]<\/p>\n","protected":false},"featured_media":1724,"template":"","meta":{"_coblocks_attr":"","_coblocks_dimensions":"","_coblocks_responsive_height":"","_coblocks_accordion_ie_support":"","hide_page_title":""},"product_brand":[57],"product_cat":[28,47],"product_tag":[18,19],"class_list":{"0":"post-3294","1":"product","2":"type-product","3":"status-publish","4":"has-post-thumbnail","6":"product_brand-vae-victis-miniatures","7":"product_cat-fantasy","8":"product_cat-vae-victis-miniatures","9":"product_tag-figurines","10":"product_tag-impression-3d","12":"first","13":"instock","14":"taxable","15":"shipping-taxable","16":"purchasable","17":"product-type-simple"},"_links":{"self":[{"href":"https:\/\/shop.trashfire.fr\/en\/wp-json\/wp\/v2\/product\/3294","targetHints":{"allow":["GET"]}}],"collection":[{"href":"https:\/\/shop.trashfire.fr\/en\/wp-json\/wp\/v2\/product"}],"about":[{"href":"https:\/\/shop.trashfire.fr\/en\/wp-json\/wp\/v2\/types\/product"}],"wp:featuredmedia":[{"embeddable":true,"href":"https:\/\/shop.trashfire.fr\/en\/wp-json\/wp\/v2\/media\/1724"}],"wp:attachment":[{"href":"https:\/\/shop.trashfire.fr\/en\/wp-json\/wp\/v2\/media?parent=3294"}],"wp:term":[{"taxonomy":"product_brand","embeddable":true,"href":"https:\/\/shop.trashfire.fr\/en\/wp-json\/wp\/v2\/product_brand?post=3294"},{"taxonomy":"product_cat","embeddable":true,"href":"https:\/\/shop.trashfire.fr\/en\/wp-json\/wp\/v2\/product_cat?post=3294"},{"taxonomy":"product_tag","embeddable":true,"href":"https:\/\/shop.trashfire.fr\/en\/wp-json\/wp\/v2\/product_tag?post=3294"}],"curies":[{"name":"wp","href":"https:\/\/api.w.org\/{rel}","templated":true}]}}