{"id":3295,"date":"2026-04-10T18:07:21","date_gmt":"2026-04-10T16:07:21","guid":{"rendered":"https:\/\/shop.trashfire.fr\/?post_type=product&#038;p=3295"},"modified":"2026-04-11T00:25:58","modified_gmt":"2026-04-10T22:25:58","slug":"the-servant","status":"publish","type":"product","link":"https:\/\/shop.trashfire.fr\/en\/produit\/the-servant\/","title":{"rendered":"Le serviteur"},"content":{"rendered":"<p>Alors que vous vous appr\u00eatez \u00e0 frapper \u00e0 l&#8217;immense porte en bois, elle s&#8217;ouvre et vous apercevez la lumi\u00e8re d&#8217;une lanterne filtrer \u00e0 travers l&#8217;entreb\u00e2illement. Une cr\u00e9ature repoussante se tient devant vous et vous invite \u00e0 entrer. \u00ab Entrez, ne restez pas dehors sous cette pluie ! Hnng\u2026 \u00bb *Il boite vers le centre de la pi\u00e8ce et remarque une tache noire d&#8217;ichor sur le devant de sa tunique.* \u00ab Excusez mes v\u00eatements sales, je travaillais en bas lorsque j&#8217;ai appris votre arriv\u00e9e. \u00bb Vous \u00e9changez des regards suspicieux avec vos compagnons. Qui, ou quoi, l&#8217;a averti de votre pr\u00e9sence ?<\/p>\n<p>Une figurine imprim\u00e9e en r\u00e9sine ABS like, la couleur peut varier.<\/p>\n","protected":false},"excerpt":{"rendered":"<p>Alors que vous vous appr\u00eatez \u00e0 frapper \u00e0 l&#8217;immense porte en bois, elle s&#8217;ouvre et vous apercevez la lumi\u00e8re d&#8217;une lanterne filtrer \u00e0 travers l&#8217;entreb\u00e2illement. Une cr\u00e9ature repoussante se tient devant vous et vous invite \u00e0 entrer. \u00ab Entrez, ne restez pas dehors sous cette pluie ! Hnng\u2026 \u00bb *Il boite vers le centre de [&hellip;]<\/p>\n","protected":false},"featured_media":1725,"template":"","meta":{"_coblocks_attr":"","_coblocks_dimensions":"","_coblocks_responsive_height":"","_coblocks_accordion_ie_support":"","hide_page_title":""},"product_brand":[57],"product_cat":[28,47],"product_tag":[18,19],"class_list":{"0":"post-3295","1":"product","2":"type-product","3":"status-publish","4":"has-post-thumbnail","6":"product_brand-vae-victis-miniatures","7":"product_cat-fantasy","8":"product_cat-vae-victis-miniatures","9":"product_tag-figurines","10":"product_tag-impression-3d","12":"first","13":"instock","14":"taxable","15":"shipping-taxable","16":"purchasable","17":"product-type-simple"},"_links":{"self":[{"href":"https:\/\/shop.trashfire.fr\/en\/wp-json\/wp\/v2\/product\/3295","targetHints":{"allow":["GET"]}}],"collection":[{"href":"https:\/\/shop.trashfire.fr\/en\/wp-json\/wp\/v2\/product"}],"about":[{"href":"https:\/\/shop.trashfire.fr\/en\/wp-json\/wp\/v2\/types\/product"}],"wp:featuredmedia":[{"embeddable":true,"href":"https:\/\/shop.trashfire.fr\/en\/wp-json\/wp\/v2\/media\/1725"}],"wp:attachment":[{"href":"https:\/\/shop.trashfire.fr\/en\/wp-json\/wp\/v2\/media?parent=3295"}],"wp:term":[{"taxonomy":"product_brand","embeddable":true,"href":"https:\/\/shop.trashfire.fr\/en\/wp-json\/wp\/v2\/product_brand?post=3295"},{"taxonomy":"product_cat","embeddable":true,"href":"https:\/\/shop.trashfire.fr\/en\/wp-json\/wp\/v2\/product_cat?post=3295"},{"taxonomy":"product_tag","embeddable":true,"href":"https:\/\/shop.trashfire.fr\/en\/wp-json\/wp\/v2\/product_tag?post=3295"}],"curies":[{"name":"wp","href":"https:\/\/api.w.org\/{rel}","templated":true}]}}