{"id":3296,"date":"2026-04-10T18:07:19","date_gmt":"2026-04-10T16:07:19","guid":{"rendered":"https:\/\/shop.trashfire.fr\/?post_type=product&#038;p=3296"},"modified":"2026-04-11T00:06:51","modified_gmt":"2026-04-10T22:06:51","slug":"the-queen-vampire","status":"publish","type":"product","link":"https:\/\/shop.trashfire.fr\/en\/produit\/the-queen-vampire\/","title":{"rendered":"La Reine Vampire"},"content":{"rendered":"<p>Tandis que le vin tourbillonne dans votre verre, vous vous dites que le comte et sa femme ne sont pas aussi mauvais que le pr\u00e9tendent les villageois ; ce ne sont que des ragots et de la jalousie. Vous redressez brusquement la t\u00eate pour finir votre verre et, un instant, \u00e0 travers le verre color\u00e9, il vous semble que tous les invit\u00e9s vous d\u00e9visagent. Vous n&#8217;aurez jamais le temps d&#8217;y repenser, car vous p\u00e9rirez dans un tourbillon de dents et de griffes ac\u00e9r\u00e9es, le sang et le vin tachant le tapis.<\/p>\n<p>Une figurine imprim\u00e9e en r\u00e9sine ABS like, la couleur peut varier.<\/p>\n","protected":false},"excerpt":{"rendered":"<p>Tandis que le vin tourbillonne dans votre verre, vous vous dites que le comte et sa femme ne sont pas aussi mauvais que le pr\u00e9tendent les villageois ; ce ne sont que des ragots et de la jalousie. Vous redressez brusquement la t\u00eate pour finir votre verre et, un instant, \u00e0 travers le verre color\u00e9, [&hellip;]<\/p>\n","protected":false},"featured_media":1726,"template":"","meta":{"_coblocks_attr":"","_coblocks_dimensions":"","_coblocks_responsive_height":"","_coblocks_accordion_ie_support":"","hide_page_title":""},"product_brand":[57],"product_cat":[28,47],"product_tag":[18,19,97],"class_list":{"0":"post-3296","1":"product","2":"type-product","3":"status-publish","4":"has-post-thumbnail","6":"product_brand-vae-victis-miniatures","7":"product_cat-fantasy","8":"product_cat-vae-victis-miniatures","9":"product_tag-figurines","10":"product_tag-impression-3d","11":"product_tag-vampire","13":"first","14":"instock","15":"taxable","16":"shipping-taxable","17":"purchasable","18":"product-type-simple"},"_links":{"self":[{"href":"https:\/\/shop.trashfire.fr\/en\/wp-json\/wp\/v2\/product\/3296","targetHints":{"allow":["GET"]}}],"collection":[{"href":"https:\/\/shop.trashfire.fr\/en\/wp-json\/wp\/v2\/product"}],"about":[{"href":"https:\/\/shop.trashfire.fr\/en\/wp-json\/wp\/v2\/types\/product"}],"wp:featuredmedia":[{"embeddable":true,"href":"https:\/\/shop.trashfire.fr\/en\/wp-json\/wp\/v2\/media\/1726"}],"wp:attachment":[{"href":"https:\/\/shop.trashfire.fr\/en\/wp-json\/wp\/v2\/media?parent=3296"}],"wp:term":[{"taxonomy":"product_brand","embeddable":true,"href":"https:\/\/shop.trashfire.fr\/en\/wp-json\/wp\/v2\/product_brand?post=3296"},{"taxonomy":"product_cat","embeddable":true,"href":"https:\/\/shop.trashfire.fr\/en\/wp-json\/wp\/v2\/product_cat?post=3296"},{"taxonomy":"product_tag","embeddable":true,"href":"https:\/\/shop.trashfire.fr\/en\/wp-json\/wp\/v2\/product_tag?post=3296"}],"curies":[{"name":"wp","href":"https:\/\/api.w.org\/{rel}","templated":true}]}}