{"id":3297,"date":"2026-04-10T18:07:20","date_gmt":"2026-04-10T16:07:20","guid":{"rendered":"https:\/\/shop.trashfire.fr\/?post_type=product&#038;p=3297"},"modified":"2026-04-11T00:25:35","modified_gmt":"2026-04-10T22:25:35","slug":"the-lord-vampire","status":"publish","type":"product","link":"https:\/\/shop.trashfire.fr\/en\/produit\/the-lord-vampire\/","title":{"rendered":"Le Seigneur Vampire"},"content":{"rendered":"<p>Vous vous trouvez maintenant au c\u0153ur des ruines de la vieille \u00e9glise. L&#8217;eau s&#8217;infiltre entre les tuiles fissur\u00e9es \u00e0 vos pieds, tandis qu&#8217;une pluie torrentielle s&#8217;abat sur votre groupe. Un bref instant, le tonnerre illumine le ciel et vous apercevez des dizaines de silhouettes \u00e9parpill\u00e9es parmi les ruines, vous observant. Pourquoi ne vous attaquent-elles pas ? Elles pourraient vous vaincre en un clin d&#8217;\u0153il. Personne ne bouge ; les battements de votre c\u0153ur couvrent le tonnerre. Le brouillard se met \u00e0 se d\u00e9placer, se rassemblant au centre de l&#8217;\u00e9glise, et vous comprenez vite qu&#8217;il prend la forme d&#8217;une silhouette. Et cette silhouette flotte devant vous, sa cape flottante se confondant avec le brouillard qui l&#8217;entoure. \u00ab Vous avez p\u00e9n\u00e9tr\u00e9 sur mes terres, mais cette nuit, vous vivrez. Je vous inviterai m\u00eame \u00e0 une grande r\u00e9ception dans mon ch\u00e2teau demain. Nous devons parler. \u00bb \u00ab Ses paroles r\u00e9sonnent encore alors qu&#8217;ils disparaissent tous. \u00bb<\/p>\n<p>Une figurine imprim\u00e9e en r\u00e9sine ABS like, la couleur peut varier.<\/p>\n","protected":false},"excerpt":{"rendered":"<p>Vous vous trouvez maintenant au c\u0153ur des ruines de la vieille \u00e9glise. L&#8217;eau s&#8217;infiltre entre les tuiles fissur\u00e9es \u00e0 vos pieds, tandis qu&#8217;une pluie torrentielle s&#8217;abat sur votre groupe. Un bref instant, le tonnerre illumine le ciel et vous apercevez des dizaines de silhouettes \u00e9parpill\u00e9es parmi les ruines, vous observant. Pourquoi ne vous attaquent-elles pas [&hellip;]<\/p>\n","protected":false},"featured_media":1727,"template":"","meta":{"_coblocks_attr":"","_coblocks_dimensions":"","_coblocks_responsive_height":"","_coblocks_accordion_ie_support":"","hide_page_title":""},"product_brand":[57],"product_cat":[28,47],"product_tag":[18,19,97],"class_list":{"0":"post-3297","1":"product","2":"type-product","3":"status-publish","4":"has-post-thumbnail","6":"product_brand-vae-victis-miniatures","7":"product_cat-fantasy","8":"product_cat-vae-victis-miniatures","9":"product_tag-figurines","10":"product_tag-impression-3d","11":"product_tag-vampire","13":"first","14":"instock","15":"taxable","16":"shipping-taxable","17":"purchasable","18":"product-type-simple"},"_links":{"self":[{"href":"https:\/\/shop.trashfire.fr\/en\/wp-json\/wp\/v2\/product\/3297","targetHints":{"allow":["GET"]}}],"collection":[{"href":"https:\/\/shop.trashfire.fr\/en\/wp-json\/wp\/v2\/product"}],"about":[{"href":"https:\/\/shop.trashfire.fr\/en\/wp-json\/wp\/v2\/types\/product"}],"wp:featuredmedia":[{"embeddable":true,"href":"https:\/\/shop.trashfire.fr\/en\/wp-json\/wp\/v2\/media\/1727"}],"wp:attachment":[{"href":"https:\/\/shop.trashfire.fr\/en\/wp-json\/wp\/v2\/media?parent=3297"}],"wp:term":[{"taxonomy":"product_brand","embeddable":true,"href":"https:\/\/shop.trashfire.fr\/en\/wp-json\/wp\/v2\/product_brand?post=3297"},{"taxonomy":"product_cat","embeddable":true,"href":"https:\/\/shop.trashfire.fr\/en\/wp-json\/wp\/v2\/product_cat?post=3297"},{"taxonomy":"product_tag","embeddable":true,"href":"https:\/\/shop.trashfire.fr\/en\/wp-json\/wp\/v2\/product_tag?post=3297"}],"curies":[{"name":"wp","href":"https:\/\/api.w.org\/{rel}","templated":true}]}}