{"id":3298,"date":"2026-04-10T18:07:18","date_gmt":"2026-04-10T16:07:18","guid":{"rendered":"https:\/\/shop.trashfire.fr\/?post_type=product&#038;p=3298"},"modified":"2026-04-11T00:27:44","modified_gmt":"2026-04-10T22:27:44","slug":"the-vampire-slayer-man","status":"publish","type":"product","link":"https:\/\/shop.trashfire.fr\/en\/produit\/the-vampire-slayer-man\/","title":{"rendered":"Le tueur de vampires (homme)"},"content":{"rendered":"<p>\u00ab J&#8217;ai parcouru les terres de nombreux royaumes, des plus puissants aux plus humbles, pour combattre leurs semblables. J&#8217;ai tout appris, souvent \u00e0 travers la d\u00e9faite, la perte et la douleur. Celui-ci\u2026 il est diff\u00e9rent, tr\u00e8s puissant. Si vous voulez avoir la moindre chance de succ\u00e8s, vous devrez m&#8217;\u00e9couter. Venez, j&#8217;ai des choses \u00e0 vous montrer. \u00bb<\/p>\n<p>Une figurine imprim\u00e9e en r\u00e9sine ABS like, la couleur peut varier.<\/p>\n","protected":false},"excerpt":{"rendered":"<p>\u00ab J&#8217;ai parcouru les terres de nombreux royaumes, des plus puissants aux plus humbles, pour combattre leurs semblables. J&#8217;ai tout appris, souvent \u00e0 travers la d\u00e9faite, la perte et la douleur. Celui-ci\u2026 il est diff\u00e9rent, tr\u00e8s puissant. Si vous voulez avoir la moindre chance de succ\u00e8s, vous devrez m&#8217;\u00e9couter. Venez, j&#8217;ai des choses \u00e0 vous [&hellip;]<\/p>\n","protected":false},"featured_media":1728,"template":"","meta":{"_coblocks_attr":"","_coblocks_dimensions":"","_coblocks_responsive_height":"","_coblocks_accordion_ie_support":"","hide_page_title":""},"product_brand":[57],"product_cat":[28,47],"product_tag":[18,19],"class_list":{"0":"post-3298","1":"product","2":"type-product","3":"status-publish","4":"has-post-thumbnail","6":"product_brand-vae-victis-miniatures","7":"product_cat-fantasy","8":"product_cat-vae-victis-miniatures","9":"product_tag-figurines","10":"product_tag-impression-3d","12":"first","13":"instock","14":"taxable","15":"shipping-taxable","16":"purchasable","17":"product-type-simple"},"_links":{"self":[{"href":"https:\/\/shop.trashfire.fr\/en\/wp-json\/wp\/v2\/product\/3298","targetHints":{"allow":["GET"]}}],"collection":[{"href":"https:\/\/shop.trashfire.fr\/en\/wp-json\/wp\/v2\/product"}],"about":[{"href":"https:\/\/shop.trashfire.fr\/en\/wp-json\/wp\/v2\/types\/product"}],"wp:featuredmedia":[{"embeddable":true,"href":"https:\/\/shop.trashfire.fr\/en\/wp-json\/wp\/v2\/media\/1728"}],"wp:attachment":[{"href":"https:\/\/shop.trashfire.fr\/en\/wp-json\/wp\/v2\/media?parent=3298"}],"wp:term":[{"taxonomy":"product_brand","embeddable":true,"href":"https:\/\/shop.trashfire.fr\/en\/wp-json\/wp\/v2\/product_brand?post=3298"},{"taxonomy":"product_cat","embeddable":true,"href":"https:\/\/shop.trashfire.fr\/en\/wp-json\/wp\/v2\/product_cat?post=3298"},{"taxonomy":"product_tag","embeddable":true,"href":"https:\/\/shop.trashfire.fr\/en\/wp-json\/wp\/v2\/product_tag?post=3298"}],"curies":[{"name":"wp","href":"https:\/\/api.w.org\/{rel}","templated":true}]}}